{"id":1447,"date":"2026-01-20T12:08:23","date_gmt":"2026-01-20T12:08:23","guid":{"rendered":"https:\/\/bonuskongcasino.com\/app\/"},"modified":"2026-02-24T13:12:19","modified_gmt":"2026-02-24T13:12:19","slug":"aplikacja","status":"publish","type":"page","link":"https:\/\/rollambiacasino.com\/pl\/aplikacja\/","title":{"rendered":"Aplikacja"},"content":{"rendered":"<h1>Aplikacja Rollambia<\/h1>\n<p>Aplikacja Rollambia pozwala gra\u0107 w ulubione gry na smartfonach i tabletach. To wygodna opcja dla graczy, kt\u00f3rzy chc\u0105 pozosta\u0107 online niezale\u017cnie od lokalizacji czy urz\u0105dzenia. Oferujemy dedykowan\u0105 aplikacj\u0119 i wersj\u0119 przegl\u0105darkow\u0105 dla wszystkich urz\u0105dze\u0144 Android i iOS. Je\u015bli zalogujesz si\u0119 na swoje konto na wielu urz\u0105dzeniach, Twoje osi\u0105gni\u0119cia i post\u0119py zostan\u0105 zsynchronizowane mi\u0119dzy nimi.<\/p>\n<div class=\"banner-wrap\" aria-label=\"Banner\"><img src=\"https:\/\/rollambiacasino.com\/wp-content\/uploads\/2026\/02\/Rollambia-banner-desktop.webp\" class=\"w-100 d-none d-lg-block img-pc main-banner-img\" alt=\"Rollambia banner desktop\" fetchpriority=\"high\" decoding=\"async\"><img src=\"https:\/\/rollambiacasino.com\/wp-content\/uploads\/2026\/02\/Rollambia-banner-mobile.webp\" class=\"w-100 d-none d-md-block d-lg-none main-banner-img\" alt=\"Rollambia banner mobile\" fetchpriority=\"high\" decoding=\"async\"><img src=\"https:\/\/rollambiacasino.com\/wp-content\/uploads\/2026\/02\/Rollambia-banner-mobile.webp\" class=\"w-100 d-md-none\" alt=\"Rollambia banner mobile\" fetchpriority=\"high\" decoding=\"async\"><div class=\"banner-description\">\n<div class=\"banner-title\">Bonusy powitalne<\/div>\n<p class=\"banner-header-title\">1500 \u20ac<\/p>\n<div class=\"banner-header-AdditionalText\">+ 250 Darmowe spiny<\/div>\n<button data-item=\"homepage_banner_link\" class=\"goto m-button m-gradient-border m-button--primary m-button--large banner-button btn-orange\">\n            <div class=\"m-button-content\">\n                <span>Zarejestruj si\u0119 teraz<\/span>\n                <span><\/span>\n            <\/div>\n        <\/button>\n<\/div>\n<div class=\"WelcomePack\">\n<p><img loading=\"lazy\" decoding=\"async\" class=\"alignnone size-full wp-image-1850\" src=\"https:\/\/rollambiacasino.com\/wp-content\/uploads\/2026\/02\/welcome-crown.png\" alt=\"welcome crown\" width=\"25\" height=\"26\" \/><\/p>\n<div class=\"WelcomePack-Info\">Cotygodniowy zwrot got\u00f3wki do 25%<\/div>\n<p><img loading=\"lazy\" decoding=\"async\" class=\"alignnone size-full wp-image-1850\" src=\"https:\/\/rollambiacasino.com\/wp-content\/uploads\/2026\/02\/welcome-crown.png\" alt=\"welcome crown\" width=\"25\" height=\"26\" \/><\/p>\n<\/div>\n<\/div>\n<h2>Funkcje Aplikacji Rollambia<\/h2>\n<p>Aplikacja Roll Ambia jest zbudowana w technologii PWA (Progressive Web Application). Ten framework zapewnia szybsze czasy \u0142adowania i p\u0142ynniejsz\u0105 rozgrywk\u0119 w por\u00f3wnaniu ze standardowymi sesjami przegl\u0105darkowymi. Interfejs automatycznie dostosowuje si\u0119 do r\u00f3\u017cnych rozmiar\u00f3w ekranu.<\/p>\n<p>Oko\u0142o 80% naszych graczy preferuje granie mobilne od desktopowego. Mobilne kasyno oferuje pe\u0142n\u0105 kolekcj\u0119 gier: sloty online, gry sto\u0142owe, tytu\u0142y kasyna na \u017cywo i crash games. Wszystkie procesy dzia\u0142aj\u0105 identycznie jak na platformie desktopowej, w tym rejestracja, logowanie, p\u0142atno\u015bci i proces weryfikacji. Je\u015bli napotkasz jakiekolwiek problemy, skontaktuj si\u0119 z nami przez czat na \u017cywo wbudowany w aplikacj\u0119.<\/p>\n<table>\n<tbody>\n<tr>\n<td>Funkcja<\/td>\n<td>Aplikacja Mobilna<\/td>\n<td>Wersja Przegl\u0105darkowa<\/td>\n<\/tr>\n<tr>\n<td>Instalacja<\/td>\n<td>Jednorazowa konfiguracja ze strony<\/td>\n<td>Nie wymaga instalacji<\/td>\n<\/tr>\n<tr>\n<td>U\u017cycie pami\u0119ci<\/td>\n<td>Minimalne (tylko dane w pami\u0119ci podr\u0119cznej)<\/td>\n<td>Brak<\/td>\n<\/tr>\n<tr>\n<td>Powiadomienia push<\/td>\n<td>Tak<\/td>\n<td>Nie<\/td>\n<\/tr>\n<tr>\n<td>Dost\u0119p offline<\/td>\n<td>Cz\u0119\u015bciowy (strony w pami\u0119ci podr\u0119cznej)<\/td>\n<td>Nie<\/td>\n<\/tr>\n<tr>\n<td>Szybko\u015b\u0107 \u0142adowania<\/td>\n<td>Szybsza (zoptymalizowana PWA)<\/td>\n<td>Zale\u017cy od po\u0142\u0105czenia<\/td>\n<\/tr>\n<tr>\n<td>Ikona na ekranie g\u0142\u00f3wnym<\/td>\n<td>Tak<\/td>\n<td>Tylko r\u0119czny skr\u00f3t<\/td>\n<\/tr>\n<tr>\n<td>Automatyczne aktualizacje<\/td>\n<td>Automatyczne<\/td>\n<td>Zawsze aktualna<\/td>\n<\/tr>\n<\/tbody>\n<\/table>\n<p>Granie na PC daje wi\u0119kszy ekran i ulepszon\u0105 grafik\u0119. Wersja desktopowa sprawdza si\u0119 lepiej przy d\u0142u\u017cszych sesjach gry i zapewnia bardziej immersyjn\u0105 grafik\u0119. Aplikacja Rollambia wygrywa pod wzgl\u0119dem przeno\u015bno\u015bci i szybkiego dost\u0119pu przez powiadomienia push.<\/p>\n<p><div class=\"scrollable-content-wrap my-5\"><div class=\"scrollable-content-inner\"><h2>Aplikacja Roll Ambia na Urz\u0105dzeniach Android<\/h2>\n<p>U\u017cytkownicy Androida mog\u0105 uzyska\u0107 dost\u0119p do naszej platformy na dowolnym preferowanym urz\u0105dzeniu. Aplikacja Rollambia nie wymaga pobierania du\u017cych plik\u00f3w APK. Nasze rozwi\u0105zanie to progressive web application, kt\u00f3ra wykorzystuje minimaln\u0105 przestrze\u0144 dyskow\u0105 urz\u0105dzenia tylko na dane w pami\u0119ci podr\u0119cznej.<\/p>\n<p>Aby zainstalowa\u0107 aplikacj\u0119 Roll Ambia na Androidzie, wykonaj nast\u0119puj\u0105ce kroki:<\/p>\n<ol>\n<li>Odwied\u017a Rollambia Casino w preferowanej przegl\u0105darce mobilnej<\/li>\n<li>Kliknij \u201eCasino App&#8221; w stopce strony g\u0142\u00f3wnej<\/li>\n<li>Kliknij \u201eZainstaluj&#8221;, gdy przycisk pojawi si\u0119 na ekranie<\/li>\n<li>Zako\u0144cz instalacj\u0119, aby doda\u0107 ikon\u0119 do ekranu g\u0142\u00f3wnego<\/li>\n<\/ol>\n<p>Ca\u0142y proces zajmuje kilka minut. Po instalacji otrzymujesz bezpo\u015bredni dost\u0119p do ca\u0142ej biblioteki gier. Interfejs zawiera du\u017ce przyciski i przyjazn\u0105 dla dotyku nawigacj\u0119, kt\u00f3ra dzia\u0142a p\u0142ynnie zar\u00f3wno na smartfonach, jak i tabletach.<\/p>\n<p><img loading=\"lazy\" decoding=\"async\" class=\"alignnone size-full wp-image-2002\" src=\"https:\/\/rollambiacasino.com\/wp-content\/uploads\/2026\/02\/Rollambia-Android.webp\" alt=\"Rollambia Android\" width=\"1248\" height=\"536\" srcset=\"https:\/\/rollambiacasino.com\/wp-content\/uploads\/2026\/02\/Rollambia-Android.webp 1248w, https:\/\/rollambiacasino.com\/wp-content\/uploads\/2026\/02\/Rollambia-Android-300x129.webp 300w, https:\/\/rollambiacasino.com\/wp-content\/uploads\/2026\/02\/Rollambia-Android-1024x440.webp 1024w, https:\/\/rollambiacasino.com\/wp-content\/uploads\/2026\/02\/Rollambia-Android-768x330.webp 768w\" sizes=\"auto, (max-width: 1248px) 100vw, 1248px\" \/><\/p>\n<\/div><\/div><div style=\"clear: both\"><\/div><div class=\"d-flex justify-content-center\"><button data-item=\"decouvrez_link\" data-group=\"website_links\" class=\"goto fw-bold rounded-pill btn btn-orange\" aria-label=\"Pobierz aplikacj\u0119 Rollambia\" >Pobierz aplikacj\u0119 Rollambia<\/button><\/div><div class=\"scrollable-content-wrap my-5\"><div class=\"scrollable-content-inner\"><h2>Aplikacja Rollambia \u2013 iOS<\/h2>\n<p>U\u017cytkownicy iOS maj\u0105 wiele sposob\u00f3w na gr\u0119 w Rollambia Casino. Aplikacja jest dost\u0119pna do instalacji bezpo\u015brednio z naszej strony internetowej. Poniewa\u017c App Store ma ograniczenia dotycz\u0105ce aplikacji hazardowych, nie znajdziesz jej tam.<\/p>\n<p>Proces instalacji przez Safari jest prosty. Przejd\u017a na nasz\u0105 oficjaln\u0105 stron\u0119 internetow\u0105, przewi\u0144 do stopki i dotknij linku \u201eCasino App&#8221;. Wybierz \u201eZainstaluj&#8221;, aby doda\u0107 Progressive Web Application do ekranu g\u0142\u00f3wnego. Uruchom ikon\u0119 aplikacji i zaloguj si\u0119, aby rozpocz\u0105\u0107 gr\u0119.<\/p>\n<p>Wersja iOS jest zoptymalizowana pod k\u0105tem dotyku, z gestami przesuwania i responsywnymi kontrolkami. Powiadomienia push informuj\u0105 Ci\u0119 o nowych bonusach, premierach gier i ekskluzywnych promocjach. Aplikacja Roll Ambia idealnie skaluje si\u0119 do ekran\u00f3w iPhone&#8217;a i iPada.<\/p>\n<p><img loading=\"lazy\" decoding=\"async\" class=\"alignnone size-full wp-image-2018\" src=\"https:\/\/rollambiacasino.com\/wp-content\/uploads\/2026\/02\/Rollambia-iOS.webp\" alt=\"Rollambia iOS\" width=\"1248\" height=\"536\" srcset=\"https:\/\/rollambiacasino.com\/wp-content\/uploads\/2026\/02\/Rollambia-iOS.webp 1248w, https:\/\/rollambiacasino.com\/wp-content\/uploads\/2026\/02\/Rollambia-iOS-300x129.webp 300w, https:\/\/rollambiacasino.com\/wp-content\/uploads\/2026\/02\/Rollambia-iOS-1024x440.webp 1024w, https:\/\/rollambiacasino.com\/wp-content\/uploads\/2026\/02\/Rollambia-iOS-768x330.webp 768w\" sizes=\"auto, (max-width: 1248px) 100vw, 1248px\" \/><\/p>\n<\/div><\/div><div style=\"clear: both\"><\/div><div class=\"d-flex justify-content-center\"><button data-item=\"decouvrez_link\" data-group=\"website_links\" class=\"goto fw-bold rounded-pill btn btn-orange\" aria-label=\"Pobierz Rollambia\" >Pobierz Rollambia<\/button><\/div><div class=\"scrollable-content-wrap my-5\"><div class=\"scrollable-content-inner\"><h2>Roll Ambia Casino \u2013 Wersja Desktopowa<\/h2>\n<p>Granie na PC lub laptopie z du\u017cym ekranem zapewnia bardziej immersyjne wra\u017cenia z gry. Wszystkie Twoje dane i preferencje Rollambia Casino synchronizuj\u0105 si\u0119 mi\u0119dzy platformami mobilnymi i desktopowymi.<\/p>\n<p>Wersja desktopowa oferuje dwie g\u0142\u00f3wne opcje. Wersja przegl\u0105darkowa pozwala uzyska\u0107 dost\u0119p do naszej strony przez Safari, Google Chrome, Mozilla Firefox lub Microsoft Edge bez pobierania. Ikona skr\u00f3tu daje szybszy dost\u0119p bez otwierania przegl\u0105darki i r\u0119cznego wyszukiwania strony.<\/p>\n<p>Przy stabilnym po\u0142\u0105czeniu internetowym b\u0119dziesz cieszy\u0107 si\u0119 p\u0142ynn\u0105 rozgrywk\u0105 i szybkim \u0142adowaniem wszystkich funkcji. Platforma desktopowa zapewnia wi\u0119ksz\u0105 grafik\u0119 i ulepszone efekty d\u017awi\u0119kowe. Zesp\u00f3\u0142 Wsparcia jest dost\u0119pny przez ten sam system czatu na \u017cywo co w mobilnym kasynie.<\/p>\n<p><img loading=\"lazy\" decoding=\"async\" class=\"alignnone size-full wp-image-2010\" src=\"https:\/\/rollambiacasino.com\/wp-content\/uploads\/2026\/02\/Rollambia-Desktop.png\" alt=\"Rollambia Desktop\" width=\"1248\" height=\"536\" srcset=\"https:\/\/rollambiacasino.com\/wp-content\/uploads\/2026\/02\/Rollambia-Desktop.png 1248w, https:\/\/rollambiacasino.com\/wp-content\/uploads\/2026\/02\/Rollambia-Desktop-300x129.png 300w, https:\/\/rollambiacasino.com\/wp-content\/uploads\/2026\/02\/Rollambia-Desktop-1024x440.png 1024w, https:\/\/rollambiacasino.com\/wp-content\/uploads\/2026\/02\/Rollambia-Desktop-768x330.png 768w\" sizes=\"auto, (max-width: 1248px) 100vw, 1248px\" \/><\/p>\n<\/div><\/div><div style=\"clear: both\"><\/div><div class=\"d-flex justify-content-center\"><button data-item=\"decouvrez_link\" data-group=\"website_links\" class=\"goto fw-bold rounded-pill btn btn-orange\" aria-label=\"Pobierz aplikacj\u0119 Rollambia\" >Pobierz aplikacj\u0119 Rollambia<\/button><\/div><div class=\"scrollable-content-wrap my-5\"><div class=\"scrollable-content-inner\"><h2>Wymagania Systemowe<\/h2>\n<p>Aplikacja Rollambia dzia\u0142a na wi\u0119kszo\u015bci nowoczesnych urz\u0105dze\u0144. Minimalne specyfikacje zapewniaj\u0105 stabiln\u0105 wydajno\u015b\u0107 i p\u0142ynn\u0105 rozgrywk\u0119 na wszystkich platformach.<\/p>\n<table>\n<tbody>\n<tr>\n<td>Platforma<\/td>\n<td>Wymaganie<\/td>\n<\/tr>\n<tr>\n<td>Android<\/td>\n<td>Wersja 8.0 lub nowsza<\/td>\n<\/tr>\n<tr>\n<td>iOS<\/td>\n<td>Wersja 14.0 lub nowsza<\/td>\n<\/tr>\n<tr>\n<td>RAM<\/td>\n<td>Minimum 2 GB<\/td>\n<\/tr>\n<tr>\n<td>Pami\u0119\u0107<\/td>\n<td>50 MB na dane w pami\u0119ci podr\u0119cznej<\/td>\n<\/tr>\n<tr>\n<td>Po\u0142\u0105czenie<\/td>\n<td>3G\/4G\/5G lub Wi-Fi<\/td>\n<\/tr>\n<tr>\n<td>Przegl\u0105darki<\/td>\n<td>Chrome, Safari, Firefox, Edge<\/td>\n<\/tr>\n<\/tbody>\n<\/table>\n<p>Technologia PWA pozwala aplikacji Roll Ambia dzia\u0142a\u0107 wydajnie nawet na starszych urz\u0105dzeniach. Nie s\u0105 wymagane ci\u0119\u017ckie pobierania. Aplikacja oszcz\u0119dnie wykorzystuje zasoby urz\u0105dzenia, zachowuj\u0105c jednocze\u015bnie wysokiej jako\u015bci grafik\u0119 i szybkie czasy odpowiedzi.<\/p>\n<h2>Bezpiecze\u0144stwo Aplikacji i Ochrona Danych<\/h2>\n<p>Rollambia Casino wykorzystuje bran\u017cowe protoko\u0142y szyfrowania do ochrony wszystkich danych u\u017cytkownik\u00f3w. Aplikacja implementuje technologi\u0119 AES\/SSL dla bezpiecznych po\u0142\u0105cze\u0144 mi\u0119dzy Twoim urz\u0105dzeniem a naszymi serwerami. Wszystkie transakcje finansowe s\u0105 przetwarzane przez zweryfikowane bramki p\u0142atno\u015bci.<\/p>\n<p>Proces weryfikacji potwierdza Twoj\u0105 to\u017csamo\u015b\u0107 i chroni Twoje konto przed nieautoryzowanym dost\u0119pem. Przechowujemy dane osobowe zgodnie ze \u015bcis\u0142ymi przepisami o ochronie danych. Aplikacja Rollambia automatycznie otrzymuje regularne aktualizacje zabezpiecze\u0144 przez framework PWA.<\/p>\n<p>Uwierzytelnianie dwusk\u0142adnikowe dodaje dodatkow\u0105 warstw\u0119 ochrony do Twojego konta. Zarz\u0105dzanie sesjami automatycznie wylogowuje Ci\u0119 po okresach nieaktywno\u015bci. Nasz zesp\u00f3\u0142 ds. bezpiecze\u0144stwa monitoruje platform\u0119 przez ca\u0142\u0105 dob\u0119, aby wykrywa\u0107 i zapobiega\u0107 podejrzanym dzia\u0142aniom.<\/p>\n<h2>FAQ<\/h2>\n<h3>Jak zaktualizowa\u0107 aplikacj\u0119 Roll Ambia do najnowszej wersji?<\/h3>\n<p>Aplikacja Rollambia to progressive web application. Aktualizuje si\u0119 automatycznie bez \u017cadnych dzia\u0142a\u0144 z Twojej strony. Za ka\u017cdym razem, gdy otwierasz aplikacj\u0119 z po\u0142\u0105czeniem internetowym, sprawdza aktualizacje i natychmiast je stosuje.<\/p>\n<h3>Co powinienem zrobi\u0107, je\u015bli aplikacja si\u0119 zawiesza lub nie \u0142aduje prawid\u0142owo?<\/h3>\n<p>Najpierw sprawd\u017a po\u0142\u0105czenie internetowe. Uruchom ponownie urz\u0105dzenie, je\u015bli problem si\u0119 utrzymuje. Wyczyszczenie pami\u0119ci podr\u0119cznej przegl\u0105darki mo\u017ce rozwi\u0105za\u0107 typowe problemy. Je\u015bli problemy si\u0119 utrzymuj\u0105, skontaktuj si\u0119 z naszym Zespo\u0142em Wsparcia przez czat na \u017cywo w celu uzyskania pomocy technicznej. Zesp\u00f3\u0142 jest dost\u0119pny 24\/7, aby pom\u00f3c z wszelkimi problemami zwi\u0105zanymi z Twoim do\u015bwiadczeniem z gr\u0105.<\/p>\n<h3>Czy aplikacja jest kompatybilna z tabletami?<\/h3>\n<p>Aplikacja Roll Ambia jest zoptymalizowana zar\u00f3wno dla smartfon\u00f3w, jak i tablet\u00f3w. Interfejs skaluje si\u0119 wraz z rozmiarem ekranu, zapewniaj\u0105c komfortowe wra\u017cenia na wi\u0119kszych wy\u015bwietlaczach. Wszystkie funkcje dzia\u0142aj\u0105 identycznie na r\u00f3\u017cnych typach urz\u0105dze\u0144.<\/p>\n<\/div><\/div><\/p>\n","protected":false},"excerpt":{"rendered":"<p>Aplikacja Rollambia Aplikacja Rollambia pozwala gra\u0107 w ulubione gry na smartfonach i tabletach. To wygodna opcja dla graczy, kt\u00f3rzy chc\u0105 pozosta\u0107 online niezale\u017cnie od lokalizacji czy urz\u0105dzenia. Oferujemy dedykowan\u0105 aplikacj\u0119 i wersj\u0119 przegl\u0105darkow\u0105 dla wszystkich urz\u0105dze\u0144 Android i iOS. Je\u015bli zalogujesz si\u0119 na swoje konto na wielu urz\u0105dzeniach, Twoje osi\u0105gni\u0119cia i post\u0119py zostan\u0105 zsynchronizowane mi\u0119dzy [&hellip;]<\/p>\n","protected":false},"author":1,"featured_media":0,"parent":0,"menu_order":0,"comment_status":"closed","ping_status":"closed","template":"template-builder.php","meta":{"_acf_changed":false,"inline_featured_image":false,"footnotes":""},"class_list":["post-1447","page","type-page","status-publish","hentry"],"acf":[],"yoast_head":"<!-- This site is optimized with the Yoast SEO plugin v27.3 - https:\/\/yoast.com\/product\/yoast-seo-wordpress\/ -->\n<title>Rollambia Casino App \u2013 Pobierz iOS &amp; Android<\/title>\n<meta name=\"description\" content=\"Rollambia App \u2013 pobierz aplikacj\u0119 mobiln\u0105 na iOS i Android, aby gra\u0107 w sloty, gry sto\u0142owe i kasyno na \u017cywo gdziekolwiek jeste\u015b. Ciesz si\u0119 p\u0142ynnym dzia\u0142aniem i pe\u0142nym dost\u0119pem do konta z Roll Ambia.\" \/>\n<meta name=\"robots\" content=\"index, follow, max-snippet:-1, max-image-preview:large, max-video-preview:-1\" \/>\n<link rel=\"canonical\" href=\"https:\/\/rollambiacasino.com\/pl\/aplikacja\/\" \/>\n<meta property=\"og:locale\" content=\"pl_PL\" \/>\n<meta property=\"og:type\" content=\"article\" \/>\n<meta property=\"og:title\" content=\"Rollambia Casino App \u2013 Pobierz iOS &amp; Android\" \/>\n<meta property=\"og:description\" content=\"Rollambia App \u2013 pobierz aplikacj\u0119 mobiln\u0105 na iOS i Android, aby gra\u0107 w sloty, gry sto\u0142owe i kasyno na \u017cywo gdziekolwiek jeste\u015b. Ciesz si\u0119 p\u0142ynnym dzia\u0142aniem i pe\u0142nym dost\u0119pem do konta z Roll Ambia.\" \/>\n<meta property=\"og:url\" content=\"https:\/\/rollambiacasino.com\/pl\/aplikacja\/\" \/>\n<meta property=\"og:site_name\" content=\"rollambia\" \/>\n<meta property=\"article:modified_time\" content=\"2026-02-24T13:12:19+00:00\" \/>\n<meta name=\"twitter:card\" content=\"summary_large_image\" \/>\n<meta name=\"twitter:label1\" content=\"Est. reading time\" \/>\n\t<meta name=\"twitter:data1\" content=\"2 minutes\" \/>\n<script type=\"application\/ld+json\" class=\"yoast-schema-graph\">{\"@context\":\"https:\\\/\\\/schema.org\",\"@graph\":[{\"@type\":\"WebPage\",\"@id\":\"https:\\\/\\\/rollambiacasino.com\\\/pl\\\/aplikacja\\\/\",\"url\":\"https:\\\/\\\/rollambiacasino.com\\\/pl\\\/aplikacja\\\/\",\"name\":\"Rollambia Casino App \u2013 Pobierz iOS & Android\",\"isPartOf\":{\"@id\":\"https:\\\/\\\/rollambiacasino.com\\\/pl\\\/#website\"},\"datePublished\":\"2026-01-20T12:08:23+00:00\",\"dateModified\":\"2026-02-24T13:12:19+00:00\",\"description\":\"Rollambia App \u2013 pobierz aplikacj\u0119 mobiln\u0105 na iOS i Android, aby gra\u0107 w sloty, gry sto\u0142owe i kasyno na \u017cywo gdziekolwiek jeste\u015b. Ciesz si\u0119 p\u0142ynnym dzia\u0142aniem i pe\u0142nym dost\u0119pem do konta z Roll Ambia.\",\"breadcrumb\":{\"@id\":\"https:\\\/\\\/rollambiacasino.com\\\/pl\\\/aplikacja\\\/#breadcrumb\"},\"inLanguage\":\"pl-PL\",\"potentialAction\":[{\"@type\":\"ReadAction\",\"target\":[\"https:\\\/\\\/rollambiacasino.com\\\/pl\\\/aplikacja\\\/\"]}]},{\"@type\":\"BreadcrumbList\",\"@id\":\"https:\\\/\\\/rollambiacasino.com\\\/pl\\\/aplikacja\\\/#breadcrumb\",\"itemListElement\":[{\"@type\":\"ListItem\",\"position\":1,\"name\":\"Rollambia\",\"item\":\"https:\\\/\\\/rollambiacasino.com\\\/pl\\\/\"},{\"@type\":\"ListItem\",\"position\":2,\"name\":\"Aplikacja\"}]},{\"@type\":\"WebSite\",\"@id\":\"https:\\\/\\\/rollambiacasino.com\\\/pl\\\/#website\",\"url\":\"https:\\\/\\\/rollambiacasino.com\\\/pl\\\/\",\"name\":\"Rollambia\",\"description\":\"\",\"publisher\":{\"@id\":\"https:\\\/\\\/rollambiacasino.com\\\/pl\\\/#organization\"},\"potentialAction\":[{\"@type\":\"SearchAction\",\"target\":{\"@type\":\"EntryPoint\",\"urlTemplate\":\"https:\\\/\\\/rollambiacasino.com\\\/pl\\\/?s={search_term_string}\"},\"query-input\":{\"@type\":\"PropertyValueSpecification\",\"valueRequired\":true,\"valueName\":\"search_term_string\"}}],\"inLanguage\":\"pl-PL\"},{\"@type\":\"Organization\",\"@id\":\"https:\\\/\\\/rollambiacasino.com\\\/pl\\\/#organization\",\"name\":\"Rollambia\",\"url\":\"https:\\\/\\\/rollambiacasino.com\\\/pl\\\/\",\"logo\":{\"@type\":\"ImageObject\",\"inLanguage\":\"pl-PL\",\"@id\":\"https:\\\/\\\/rollambiacasino.com\\\/pl\\\/#\\\/schema\\\/logo\\\/image\\\/\",\"url\":\"https:\\\/\\\/rollambiacasino.com\\\/wp-content\\\/uploads\\\/2026\\\/02\\\/Rollambia-logo.png\",\"contentUrl\":\"https:\\\/\\\/rollambiacasino.com\\\/wp-content\\\/uploads\\\/2026\\\/02\\\/Rollambia-logo.png\",\"width\":160,\"height\":40,\"caption\":\"Rollambia\"},\"image\":{\"@id\":\"https:\\\/\\\/rollambiacasino.com\\\/pl\\\/#\\\/schema\\\/logo\\\/image\\\/\"}}]}<\/script>\n<!-- \/ Yoast SEO plugin. -->","yoast_head_json":{"title":"Rollambia Casino App \u2013 Pobierz iOS & Android","description":"Rollambia App \u2013 pobierz aplikacj\u0119 mobiln\u0105 na iOS i Android, aby gra\u0107 w sloty, gry sto\u0142owe i kasyno na \u017cywo gdziekolwiek jeste\u015b. Ciesz si\u0119 p\u0142ynnym dzia\u0142aniem i pe\u0142nym dost\u0119pem do konta z Roll Ambia.","robots":{"index":"index","follow":"follow","max-snippet":"max-snippet:-1","max-image-preview":"max-image-preview:large","max-video-preview":"max-video-preview:-1"},"canonical":"https:\/\/rollambiacasino.com\/pl\/aplikacja\/","og_locale":"pl_PL","og_type":"article","og_title":"Rollambia Casino App \u2013 Pobierz iOS & Android","og_description":"Rollambia App \u2013 pobierz aplikacj\u0119 mobiln\u0105 na iOS i Android, aby gra\u0107 w sloty, gry sto\u0142owe i kasyno na \u017cywo gdziekolwiek jeste\u015b. Ciesz si\u0119 p\u0142ynnym dzia\u0142aniem i pe\u0142nym dost\u0119pem do konta z Roll Ambia.","og_url":"https:\/\/rollambiacasino.com\/pl\/aplikacja\/","og_site_name":"rollambia","article_modified_time":"2026-02-24T13:12:19+00:00","twitter_card":"summary_large_image","twitter_misc":{"Est. reading time":"2 minutes"},"schema":{"@context":"https:\/\/schema.org","@graph":[{"@type":"WebPage","@id":"https:\/\/rollambiacasino.com\/pl\/aplikacja\/","url":"https:\/\/rollambiacasino.com\/pl\/aplikacja\/","name":"Rollambia Casino App \u2013 Pobierz iOS & Android","isPartOf":{"@id":"https:\/\/rollambiacasino.com\/pl\/#website"},"datePublished":"2026-01-20T12:08:23+00:00","dateModified":"2026-02-24T13:12:19+00:00","description":"Rollambia App \u2013 pobierz aplikacj\u0119 mobiln\u0105 na iOS i Android, aby gra\u0107 w sloty, gry sto\u0142owe i kasyno na \u017cywo gdziekolwiek jeste\u015b. Ciesz si\u0119 p\u0142ynnym dzia\u0142aniem i pe\u0142nym dost\u0119pem do konta z Roll Ambia.","breadcrumb":{"@id":"https:\/\/rollambiacasino.com\/pl\/aplikacja\/#breadcrumb"},"inLanguage":"pl-PL","potentialAction":[{"@type":"ReadAction","target":["https:\/\/rollambiacasino.com\/pl\/aplikacja\/"]}]},{"@type":"BreadcrumbList","@id":"https:\/\/rollambiacasino.com\/pl\/aplikacja\/#breadcrumb","itemListElement":[{"@type":"ListItem","position":1,"name":"Rollambia","item":"https:\/\/rollambiacasino.com\/pl\/"},{"@type":"ListItem","position":2,"name":"Aplikacja"}]},{"@type":"WebSite","@id":"https:\/\/rollambiacasino.com\/pl\/#website","url":"https:\/\/rollambiacasino.com\/pl\/","name":"Rollambia","description":"","publisher":{"@id":"https:\/\/rollambiacasino.com\/pl\/#organization"},"potentialAction":[{"@type":"SearchAction","target":{"@type":"EntryPoint","urlTemplate":"https:\/\/rollambiacasino.com\/pl\/?s={search_term_string}"},"query-input":{"@type":"PropertyValueSpecification","valueRequired":true,"valueName":"search_term_string"}}],"inLanguage":"pl-PL"},{"@type":"Organization","@id":"https:\/\/rollambiacasino.com\/pl\/#organization","name":"Rollambia","url":"https:\/\/rollambiacasino.com\/pl\/","logo":{"@type":"ImageObject","inLanguage":"pl-PL","@id":"https:\/\/rollambiacasino.com\/pl\/#\/schema\/logo\/image\/","url":"https:\/\/rollambiacasino.com\/wp-content\/uploads\/2026\/02\/Rollambia-logo.png","contentUrl":"https:\/\/rollambiacasino.com\/wp-content\/uploads\/2026\/02\/Rollambia-logo.png","width":160,"height":40,"caption":"Rollambia"},"image":{"@id":"https:\/\/rollambiacasino.com\/pl\/#\/schema\/logo\/image\/"}}]}},"_links":{"self":[{"href":"https:\/\/rollambiacasino.com\/pl\/wp-json\/wp\/v2\/pages\/1447","targetHints":{"allow":["GET"]}}],"collection":[{"href":"https:\/\/rollambiacasino.com\/pl\/wp-json\/wp\/v2\/pages"}],"about":[{"href":"https:\/\/rollambiacasino.com\/pl\/wp-json\/wp\/v2\/types\/page"}],"author":[{"embeddable":true,"href":"https:\/\/rollambiacasino.com\/pl\/wp-json\/wp\/v2\/users\/1"}],"replies":[{"embeddable":true,"href":"https:\/\/rollambiacasino.com\/pl\/wp-json\/wp\/v2\/comments?post=1447"}],"version-history":[{"count":3,"href":"https:\/\/rollambiacasino.com\/pl\/wp-json\/wp\/v2\/pages\/1447\/revisions"}],"predecessor-version":[{"id":2098,"href":"https:\/\/rollambiacasino.com\/pl\/wp-json\/wp\/v2\/pages\/1447\/revisions\/2098"}],"wp:attachment":[{"href":"https:\/\/rollambiacasino.com\/pl\/wp-json\/wp\/v2\/media?parent=1447"}],"curies":[{"name":"wp","href":"https:\/\/api.w.org\/{rel}","templated":true}]}}