{"id":1445,"date":"2026-01-20T12:08:23","date_gmt":"2026-01-20T12:08:23","guid":{"rendered":"https:\/\/bonuskongcasino.com\/app\/"},"modified":"2026-02-24T12:41:38","modified_gmt":"2026-02-24T12:41:38","slug":"applicazione","status":"publish","type":"page","link":"https:\/\/rollambiacasino.com\/it\/applicazione\/","title":{"rendered":"Applicazione"},"content":{"rendered":"<h1>Applicazione Rollambia<\/h1>\n<p>L&#8217;app Rollambia ti permette di giocare ai tuoi giochi preferiti su smartphone e tablet. \u00c8 un&#8217;opzione conveniente per i giocatori che vogliono rimanere online indipendentemente dalla posizione o dal dispositivo. Offriamo un&#8217;app dedicata e una versione browser per tutti i dispositivi Android e iOS. Se accedi al tuo account su pi\u00f9 dispositivi, i tuoi traguardi e progressi saranno sincronizzati tra di essi.<\/p>\n<div class=\"banner-wrap\" aria-label=\"Banner\"><img src=\"https:\/\/rollambiacasino.com\/wp-content\/uploads\/2026\/02\/Rollambia-banner-desktop.webp\" class=\"w-100 d-none d-lg-block img-pc main-banner-img\" alt=\"Rollambia banner desktop\" fetchpriority=\"high\" decoding=\"async\"><img src=\"https:\/\/rollambiacasino.com\/wp-content\/uploads\/2026\/02\/Rollambia-banner-mobile.webp\" class=\"w-100 d-none d-md-block d-lg-none main-banner-img\" alt=\"Rollambia banner mobile\" fetchpriority=\"high\" decoding=\"async\"><img src=\"https:\/\/rollambiacasino.com\/wp-content\/uploads\/2026\/02\/Rollambia-banner-mobile.webp\" class=\"w-100 d-md-none\" alt=\"Rollambia banner mobile\" fetchpriority=\"high\" decoding=\"async\"><div class=\"banner-description\">\n<div class=\"banner-title\">Bonus di benvenuto<\/div>\n<p class=\"banner-header-title\">1500 \u20ac<\/p>\n<div class=\"banner-header-AdditionalText\">+ 250 Giri gratuiti<\/div>\n<button data-item=\"homepage_banner_link\" class=\"goto m-button m-gradient-border m-button--primary m-button--large banner-button btn-orange\">\n            <div class=\"m-button-content\">\n                <span>Iscriviti ora<\/span>\n                <span><\/span>\n            <\/div>\n        <\/button>\n<\/div>\n<div class=\"WelcomePack\">\n<p><img loading=\"lazy\" decoding=\"async\" class=\"alignnone size-full wp-image-1849\" src=\"https:\/\/rollambiacasino.com\/wp-content\/uploads\/2026\/02\/welcome-crown.png\" alt=\"welcome crown\" width=\"25\" height=\"26\" \/><\/p>\n<div class=\"WelcomePack-Info\">Cashback settimanale fino al 25%<\/div>\n<p><img loading=\"lazy\" decoding=\"async\" class=\"alignnone size-full wp-image-1849\" src=\"https:\/\/rollambiacasino.com\/wp-content\/uploads\/2026\/02\/welcome-crown.png\" alt=\"welcome crown\" width=\"25\" height=\"26\" \/><\/p>\n<\/div>\n<\/div>\n<h2>Funzionalit\u00e0 dell&#8217;App Rollambia<\/h2>\n<p>L&#8217;app Roll Ambia \u00e8 costruita sulla tecnologia PWA (Progressive Web Application). Questo framework offre tempi di caricamento pi\u00f9 rapidi e un gameplay pi\u00f9 fluido rispetto alle sessioni browser standard. L&#8217;interfaccia si adatta automaticamente alle diverse dimensioni dello schermo.<\/p>\n<p>Circa l&#8217;80% dei nostri giocatori preferisce il gioco mobile al desktop. Il casin\u00f2 mobile offre la collezione completa di giochi: slot online, giochi da tavolo, titoli di casin\u00f2 dal vivo e crash games. Tutti i processi funzionano in modo identico alla piattaforma desktop, incluse registrazione, login, pagamenti e processo di verifica. Se incontri problemi, contattaci tramite la chat dal vivo integrata nell&#8217;applicazione.<\/p>\n<table>\n<tbody>\n<tr>\n<td>Funzionalit\u00e0<\/td>\n<td>App Mobile<\/td>\n<td>Versione Browser<\/td>\n<\/tr>\n<tr>\n<td>Installazione<\/td>\n<td>Configurazione una tantum dal sito web<\/td>\n<td>Nessuna installazione necessaria<\/td>\n<\/tr>\n<tr>\n<td>Utilizzo memoria<\/td>\n<td>Minimo (solo dati nella cache)<\/td>\n<td>Nessuno<\/td>\n<\/tr>\n<tr>\n<td>Notifiche push<\/td>\n<td>S\u00ec<\/td>\n<td>No<\/td>\n<\/tr>\n<tr>\n<td>Accesso offline<\/td>\n<td>Parziale (pagine nella cache)<\/td>\n<td>No<\/td>\n<\/tr>\n<tr>\n<td>Velocit\u00e0 di caricamento<\/td>\n<td>Pi\u00f9 veloce (PWA ottimizzata)<\/td>\n<td>Dipende dalla connessione<\/td>\n<\/tr>\n<tr>\n<td>Icona schermata home<\/td>\n<td>S\u00ec<\/td>\n<td>Solo collegamento manuale<\/td>\n<\/tr>\n<tr>\n<td>Aggiornamenti automatici<\/td>\n<td>Automatici<\/td>\n<td>Sempre aggiornata<\/td>\n<\/tr>\n<\/tbody>\n<\/table>\n<p>Giocare su PC ti offre uno schermo pi\u00f9 grande e grafica migliorata. La versione desktop funziona meglio per sessioni di gioco pi\u00f9 lunghe e offre una grafica pi\u00f9 immersiva. L&#8217;app Rollambia vince in portabilit\u00e0 e accesso rapido tramite notifiche push.<\/p>\n<p><div class=\"scrollable-content-wrap my-5\"><div class=\"scrollable-content-inner\"><h2>App Roll Ambia su dispositivi Android<\/h2>\n<p>Gli utenti Android possono accedere alla nostra piattaforma su qualsiasi dispositivo preferiscano. L&#8217;app Rollambia non richiede il download di file APK di grandi dimensioni. La nostra soluzione \u00e8 una progressive web application che utilizza uno spazio di archiviazione minimo del dispositivo solo per i dati nella cache.<\/p>\n<p>Per installare l&#8217;app Roll Ambia su Android, segui questi passaggi:<\/p>\n<ol>\n<li>Visita Rollambia Casino nel tuo browser mobile preferito<\/li>\n<li>Clicca su &#8220;Casino App&#8221; nel footer della pagina principale<\/li>\n<li>Clicca su &#8220;Installa&#8221; quando il pulsante appare sullo schermo<\/li>\n<li>Completa l&#8217;installazione per aggiungere l&#8217;icona alla schermata home<\/li>\n<\/ol>\n<p>L&#8217;intero processo richiede pochi minuti. Dopo l&#8217;installazione, ottieni accesso diretto all&#8217;intera libreria di giochi. L&#8217;interfaccia presenta pulsanti grandi e navigazione touch-friendly che funziona perfettamente sia su smartphone che su tablet.<\/p>\n<p><img loading=\"lazy\" decoding=\"async\" class=\"alignnone size-full wp-image-2001\" src=\"https:\/\/rollambiacasino.com\/wp-content\/uploads\/2026\/02\/Rollambia-Android.webp\" alt=\"Rollambia Android\" width=\"1248\" height=\"536\" srcset=\"https:\/\/rollambiacasino.com\/wp-content\/uploads\/2026\/02\/Rollambia-Android.webp 1248w, https:\/\/rollambiacasino.com\/wp-content\/uploads\/2026\/02\/Rollambia-Android-300x129.webp 300w, https:\/\/rollambiacasino.com\/wp-content\/uploads\/2026\/02\/Rollambia-Android-1024x440.webp 1024w, https:\/\/rollambiacasino.com\/wp-content\/uploads\/2026\/02\/Rollambia-Android-768x330.webp 768w\" sizes=\"auto, (max-width: 1248px) 100vw, 1248px\" \/><\/p>\n<\/div><\/div><div style=\"clear: both\"><\/div><div class=\"d-flex justify-content-center\"><button data-item=\"decouvrez_link\" data-group=\"website_links\" class=\"goto fw-bold rounded-pill btn btn-orange\" aria-label=\"Scarica l&#039;app Rollambia\" >Scarica l&#039;app Rollambia<\/button><\/div><div class=\"scrollable-content-wrap my-5\"><div class=\"scrollable-content-inner\"><h2>App Rollambia \u2013 iOS<\/h2>\n<p>Gli utenti iOS hanno molteplici modi per giocare al Rollambia Casino. L&#8217;app \u00e8 disponibile per l&#8217;installazione direttamente dal nostro sito web. Poich\u00e9 l&#8217;App Store ha restrizioni sulle applicazioni di gioco d&#8217;azzardo, non la troverai l\u00ec.<\/p>\n<p>Il processo di installazione tramite Safari \u00e8 semplice. Vai sul nostro sito web ufficiale, scorri fino al footer e tocca il link &#8220;Casino App&#8221;. Seleziona &#8220;Installa&#8221; per aggiungere la Progressive Web Application alla tua schermata home. Avvia l&#8217;icona dell&#8217;app e accedi per iniziare a giocare.<\/p>\n<p>La versione iOS \u00e8 ottimizzata per il touch, con gesti di scorrimento e controlli reattivi. Le notifiche push ti tengono informato su nuovi bonus, uscite di giochi e promozioni esclusive. L&#8217;app Roll Ambia si adatta perfettamente agli schermi di iPhone e iPad.<\/p>\n<p><img loading=\"lazy\" decoding=\"async\" class=\"alignnone size-full wp-image-2017\" src=\"https:\/\/rollambiacasino.com\/wp-content\/uploads\/2026\/02\/Rollambia-iOS.webp\" alt=\"Rollambia iOS\" width=\"1248\" height=\"536\" srcset=\"https:\/\/rollambiacasino.com\/wp-content\/uploads\/2026\/02\/Rollambia-iOS.webp 1248w, https:\/\/rollambiacasino.com\/wp-content\/uploads\/2026\/02\/Rollambia-iOS-300x129.webp 300w, https:\/\/rollambiacasino.com\/wp-content\/uploads\/2026\/02\/Rollambia-iOS-1024x440.webp 1024w, https:\/\/rollambiacasino.com\/wp-content\/uploads\/2026\/02\/Rollambia-iOS-768x330.webp 768w\" sizes=\"auto, (max-width: 1248px) 100vw, 1248px\" \/><\/p>\n<\/div><\/div><div style=\"clear: both\"><\/div><div class=\"d-flex justify-content-center\"><button data-item=\"decouvrez_link\" data-group=\"website_links\" class=\"goto fw-bold rounded-pill btn btn-orange\" aria-label=\"Scarica Rollambia\" >Scarica Rollambia<\/button><\/div><div class=\"scrollable-content-wrap my-5\"><div class=\"scrollable-content-inner\"><h2>Roll Ambia Casino \u2013 Versione Desktop<\/h2>\n<p>Giocare su un PC o laptop con un grande schermo offre un&#8217;esperienza di gioco pi\u00f9 immersiva. Tutti i dettagli e le preferenze del tuo Rollambia Casino si sincronizzano tra le piattaforme mobile e desktop.<\/p>\n<p>La versione desktop offre due opzioni principali. La versione browser ti permette di accedere al nostro sito web tramite Safari, Google Chrome, Mozilla Firefox o Microsoft Edge senza alcun download. L&#8217;icona di collegamento ti d\u00e0 un accesso pi\u00f9 rapido senza aprire il browser e cercare il sito manualmente.<\/p>\n<p>Con una connessione Internet stabile, godrai di un gameplay fluido e un caricamento veloce di tutte le funzionalit\u00e0. La piattaforma desktop offre grafica pi\u00f9 grande ed effetti sonori migliorati. Il Team di Supporto \u00e8 disponibile tramite lo stesso sistema di chat dal vivo del casin\u00f2 mobile.<\/p>\n<p><img loading=\"lazy\" decoding=\"async\" class=\"alignnone size-full wp-image-2009\" src=\"https:\/\/rollambiacasino.com\/wp-content\/uploads\/2026\/02\/Rollambia-Desktop.png\" alt=\"Rollambia Desktop\" width=\"1248\" height=\"536\" srcset=\"https:\/\/rollambiacasino.com\/wp-content\/uploads\/2026\/02\/Rollambia-Desktop.png 1248w, https:\/\/rollambiacasino.com\/wp-content\/uploads\/2026\/02\/Rollambia-Desktop-300x129.png 300w, https:\/\/rollambiacasino.com\/wp-content\/uploads\/2026\/02\/Rollambia-Desktop-1024x440.png 1024w, https:\/\/rollambiacasino.com\/wp-content\/uploads\/2026\/02\/Rollambia-Desktop-768x330.png 768w\" sizes=\"auto, (max-width: 1248px) 100vw, 1248px\" \/><\/p>\n<\/div><\/div><div style=\"clear: both\"><\/div><div class=\"d-flex justify-content-center\"><button data-item=\"decouvrez_link\" data-group=\"website_links\" class=\"goto fw-bold rounded-pill btn btn-orange\" aria-label=\"Scarica l&#039;app Rollambia\" >Scarica l&#039;app Rollambia<\/button><\/div><div class=\"scrollable-content-wrap my-5\"><div class=\"scrollable-content-inner\"><h2>Requisiti di sistema<\/h2>\n<p>L&#8217;app Rollambia funziona sulla maggior parte dei dispositivi moderni. Le specifiche minime garantiscono prestazioni stabili e gameplay fluido su tutte le piattaforme.<\/p>\n<table>\n<tbody>\n<tr>\n<td>Piattaforma<\/td>\n<td>Requisito<\/td>\n<\/tr>\n<tr>\n<td>Android<\/td>\n<td>Versione 8.0 o superiore<\/td>\n<\/tr>\n<tr>\n<td>iOS<\/td>\n<td>Versione 14.0 o superiore<\/td>\n<\/tr>\n<tr>\n<td>RAM<\/td>\n<td>Minimo 2 GB<\/td>\n<\/tr>\n<tr>\n<td>Memoria<\/td>\n<td>50 MB per dati nella cache<\/td>\n<\/tr>\n<tr>\n<td>Connessione<\/td>\n<td>3G\/4G\/5G o Wi-Fi<\/td>\n<\/tr>\n<tr>\n<td>Browser<\/td>\n<td>Chrome, Safari, Firefox, Edge<\/td>\n<\/tr>\n<\/tbody>\n<\/table>\n<p>La tecnologia PWA permette all&#8217;app Roll Ambia di funzionare efficacemente anche su dispositivi pi\u00f9 vecchi. Non sono richiesti download pesanti. L&#8217;applicazione utilizza le risorse del dispositivo con parsimonia mantenendo grafica di alta qualit\u00e0 e tempi di risposta rapidi.<\/p>\n<h2>Sicurezza dell&#8217;App e Protezione dei Dati<\/h2>\n<p>Rollambia Casino utilizza protocolli di crittografia standard del settore per proteggere tutti i dati degli utenti. L&#8217;app implementa la tecnologia AES\/SSL per connessioni sicure tra il tuo dispositivo e i nostri server. Tutte le transazioni finanziarie sono elaborate tramite gateway di pagamento verificati.<\/p>\n<p>Il processo di verifica conferma la tua identit\u00e0 e protegge il tuo account da accessi non autorizzati. Conserviamo le informazioni personali secondo rigide normative sulla protezione dei dati. L&#8217;app Rollambia riceve automaticamente aggiornamenti di sicurezza regolari tramite il framework PWA.<\/p>\n<p>L&#8217;autenticazione a due fattori aggiunge un ulteriore livello di protezione al tuo account. La gestione delle sessioni ti disconnette automaticamente dopo periodi di inattivit\u00e0. Il nostro team di sicurezza monitora la piattaforma 24 ore su 24 per rilevare e prevenire attivit\u00e0 sospette.<\/p>\n<h2>FAQ<\/h2>\n<h3>Come aggiorno l&#8217;app Roll Ambia all&#8217;ultima versione?<\/h3>\n<p>L&#8217;app Rollambia \u00e8 una progressive web application. Si aggiorna automaticamente senza alcuna azione da parte tua. Ogni volta che apri l&#8217;app con una connessione Internet, controlla gli aggiornamenti e li applica istantaneamente.<\/p>\n<h3>Cosa devo fare se l&#8217;app si blocca o non si carica correttamente?<\/h3>\n<p>Controlla prima la tua connessione Internet. Riavvia il dispositivo se il problema persiste. Svuotare la cache del browser pu\u00f2 risolvere problemi comuni. Se i problemi continuano, contatta il nostro Team di Supporto tramite la chat dal vivo per assistenza tecnica. Il team \u00e8 disponibile 24\/7 per aiutare con qualsiasi problema relativo alla tua esperienza di gioco.<\/p>\n<h3>L&#8217;app \u00e8 compatibile con i tablet?<\/h3>\n<p>L&#8217;app Roll Ambia \u00e8 ottimizzata sia per smartphone che per tablet. L&#8217;interfaccia si adatta alle dimensioni dello schermo, offrendo un&#8217;esperienza confortevole su display pi\u00f9 grandi. Tutte le funzionalit\u00e0 funzionano in modo identico su diversi tipi di dispositivi.<\/p>\n<\/div><\/div><\/p>\n","protected":false},"excerpt":{"rendered":"<p>Applicazione Rollambia L&#8217;app Rollambia ti permette di giocare ai tuoi giochi preferiti su smartphone e tablet. \u00c8 un&#8217;opzione conveniente per i giocatori che vogliono rimanere online indipendentemente dalla posizione o dal dispositivo. Offriamo un&#8217;app dedicata e una versione browser per tutti i dispositivi Android e iOS. Se accedi al tuo account su pi\u00f9 dispositivi, i [&hellip;]<\/p>\n","protected":false},"author":1,"featured_media":0,"parent":0,"menu_order":0,"comment_status":"closed","ping_status":"closed","template":"template-builder.php","meta":{"_acf_changed":false,"inline_featured_image":false,"footnotes":""},"class_list":["post-1445","page","type-page","status-publish","hentry"],"acf":[],"yoast_head":"<!-- This site is optimized with the Yoast SEO plugin v27.3 - https:\/\/yoast.com\/product\/yoast-seo-wordpress\/ -->\n<title>Rollambia Casino App \u2013 Scarica iOS &amp; Android<\/title>\n<meta name=\"description\" content=\"Rollambia App \u2013 scarica l&#039;app mobile per iOS e Android per giocare a slot, giochi da tavolo e casin\u00f2 dal vivo ovunque. Goditi prestazioni fluide e accesso completo al tuo account con Roll Ambia.\" \/>\n<meta name=\"robots\" content=\"index, follow, max-snippet:-1, max-image-preview:large, max-video-preview:-1\" \/>\n<link rel=\"canonical\" href=\"https:\/\/rollambiacasino.com\/it\/applicazione\/\" \/>\n<meta property=\"og:locale\" content=\"it_IT\" \/>\n<meta property=\"og:type\" content=\"article\" \/>\n<meta property=\"og:title\" content=\"Rollambia Casino App \u2013 Scarica iOS &amp; Android\" \/>\n<meta property=\"og:description\" content=\"Rollambia App \u2013 scarica l&#039;app mobile per iOS e Android per giocare a slot, giochi da tavolo e casin\u00f2 dal vivo ovunque. Goditi prestazioni fluide e accesso completo al tuo account con Roll Ambia.\" \/>\n<meta property=\"og:url\" content=\"https:\/\/rollambiacasino.com\/it\/applicazione\/\" \/>\n<meta property=\"og:site_name\" content=\"rollambia\" \/>\n<meta property=\"article:modified_time\" content=\"2026-02-24T12:41:38+00:00\" \/>\n<meta name=\"twitter:card\" content=\"summary_large_image\" \/>\n<meta name=\"twitter:label1\" content=\"Est. reading time\" \/>\n\t<meta name=\"twitter:data1\" content=\"2 minutes\" \/>\n<script type=\"application\/ld+json\" class=\"yoast-schema-graph\">{\"@context\":\"https:\\\/\\\/schema.org\",\"@graph\":[{\"@type\":\"WebPage\",\"@id\":\"https:\\\/\\\/rollambiacasino.com\\\/it\\\/applicazione\\\/\",\"url\":\"https:\\\/\\\/rollambiacasino.com\\\/it\\\/applicazione\\\/\",\"name\":\"Rollambia Casino App \u2013 Scarica iOS & Android\",\"isPartOf\":{\"@id\":\"https:\\\/\\\/rollambiacasino.com\\\/it\\\/#website\"},\"datePublished\":\"2026-01-20T12:08:23+00:00\",\"dateModified\":\"2026-02-24T12:41:38+00:00\",\"description\":\"Rollambia App \u2013 scarica l'app mobile per iOS e Android per giocare a slot, giochi da tavolo e casin\u00f2 dal vivo ovunque. Goditi prestazioni fluide e accesso completo al tuo account con Roll Ambia.\",\"breadcrumb\":{\"@id\":\"https:\\\/\\\/rollambiacasino.com\\\/it\\\/applicazione\\\/#breadcrumb\"},\"inLanguage\":\"it-IT\",\"potentialAction\":[{\"@type\":\"ReadAction\",\"target\":[\"https:\\\/\\\/rollambiacasino.com\\\/it\\\/applicazione\\\/\"]}]},{\"@type\":\"BreadcrumbList\",\"@id\":\"https:\\\/\\\/rollambiacasino.com\\\/it\\\/applicazione\\\/#breadcrumb\",\"itemListElement\":[{\"@type\":\"ListItem\",\"position\":1,\"name\":\"Rollambia\",\"item\":\"https:\\\/\\\/rollambiacasino.com\\\/it\\\/\"},{\"@type\":\"ListItem\",\"position\":2,\"name\":\"Applicazione\"}]},{\"@type\":\"WebSite\",\"@id\":\"https:\\\/\\\/rollambiacasino.com\\\/it\\\/#website\",\"url\":\"https:\\\/\\\/rollambiacasino.com\\\/it\\\/\",\"name\":\"Rollambia\",\"description\":\"\",\"publisher\":{\"@id\":\"https:\\\/\\\/rollambiacasino.com\\\/it\\\/#organization\"},\"potentialAction\":[{\"@type\":\"SearchAction\",\"target\":{\"@type\":\"EntryPoint\",\"urlTemplate\":\"https:\\\/\\\/rollambiacasino.com\\\/it\\\/?s={search_term_string}\"},\"query-input\":{\"@type\":\"PropertyValueSpecification\",\"valueRequired\":true,\"valueName\":\"search_term_string\"}}],\"inLanguage\":\"it-IT\"},{\"@type\":\"Organization\",\"@id\":\"https:\\\/\\\/rollambiacasino.com\\\/it\\\/#organization\",\"name\":\"Rollambia\",\"url\":\"https:\\\/\\\/rollambiacasino.com\\\/it\\\/\",\"logo\":{\"@type\":\"ImageObject\",\"inLanguage\":\"it-IT\",\"@id\":\"https:\\\/\\\/rollambiacasino.com\\\/it\\\/#\\\/schema\\\/logo\\\/image\\\/\",\"url\":\"https:\\\/\\\/rollambiacasino.com\\\/wp-content\\\/uploads\\\/2026\\\/02\\\/Rollambia-logo.png\",\"contentUrl\":\"https:\\\/\\\/rollambiacasino.com\\\/wp-content\\\/uploads\\\/2026\\\/02\\\/Rollambia-logo.png\",\"width\":160,\"height\":40,\"caption\":\"Rollambia\"},\"image\":{\"@id\":\"https:\\\/\\\/rollambiacasino.com\\\/it\\\/#\\\/schema\\\/logo\\\/image\\\/\"}}]}<\/script>\n<!-- \/ Yoast SEO plugin. -->","yoast_head_json":{"title":"Rollambia Casino App \u2013 Scarica iOS & Android","description":"Rollambia App \u2013 scarica l'app mobile per iOS e Android per giocare a slot, giochi da tavolo e casin\u00f2 dal vivo ovunque. Goditi prestazioni fluide e accesso completo al tuo account con Roll Ambia.","robots":{"index":"index","follow":"follow","max-snippet":"max-snippet:-1","max-image-preview":"max-image-preview:large","max-video-preview":"max-video-preview:-1"},"canonical":"https:\/\/rollambiacasino.com\/it\/applicazione\/","og_locale":"it_IT","og_type":"article","og_title":"Rollambia Casino App \u2013 Scarica iOS & Android","og_description":"Rollambia App \u2013 scarica l'app mobile per iOS e Android per giocare a slot, giochi da tavolo e casin\u00f2 dal vivo ovunque. Goditi prestazioni fluide e accesso completo al tuo account con Roll Ambia.","og_url":"https:\/\/rollambiacasino.com\/it\/applicazione\/","og_site_name":"rollambia","article_modified_time":"2026-02-24T12:41:38+00:00","twitter_card":"summary_large_image","twitter_misc":{"Est. reading time":"2 minutes"},"schema":{"@context":"https:\/\/schema.org","@graph":[{"@type":"WebPage","@id":"https:\/\/rollambiacasino.com\/it\/applicazione\/","url":"https:\/\/rollambiacasino.com\/it\/applicazione\/","name":"Rollambia Casino App \u2013 Scarica iOS & Android","isPartOf":{"@id":"https:\/\/rollambiacasino.com\/it\/#website"},"datePublished":"2026-01-20T12:08:23+00:00","dateModified":"2026-02-24T12:41:38+00:00","description":"Rollambia App \u2013 scarica l'app mobile per iOS e Android per giocare a slot, giochi da tavolo e casin\u00f2 dal vivo ovunque. Goditi prestazioni fluide e accesso completo al tuo account con Roll Ambia.","breadcrumb":{"@id":"https:\/\/rollambiacasino.com\/it\/applicazione\/#breadcrumb"},"inLanguage":"it-IT","potentialAction":[{"@type":"ReadAction","target":["https:\/\/rollambiacasino.com\/it\/applicazione\/"]}]},{"@type":"BreadcrumbList","@id":"https:\/\/rollambiacasino.com\/it\/applicazione\/#breadcrumb","itemListElement":[{"@type":"ListItem","position":1,"name":"Rollambia","item":"https:\/\/rollambiacasino.com\/it\/"},{"@type":"ListItem","position":2,"name":"Applicazione"}]},{"@type":"WebSite","@id":"https:\/\/rollambiacasino.com\/it\/#website","url":"https:\/\/rollambiacasino.com\/it\/","name":"Rollambia","description":"","publisher":{"@id":"https:\/\/rollambiacasino.com\/it\/#organization"},"potentialAction":[{"@type":"SearchAction","target":{"@type":"EntryPoint","urlTemplate":"https:\/\/rollambiacasino.com\/it\/?s={search_term_string}"},"query-input":{"@type":"PropertyValueSpecification","valueRequired":true,"valueName":"search_term_string"}}],"inLanguage":"it-IT"},{"@type":"Organization","@id":"https:\/\/rollambiacasino.com\/it\/#organization","name":"Rollambia","url":"https:\/\/rollambiacasino.com\/it\/","logo":{"@type":"ImageObject","inLanguage":"it-IT","@id":"https:\/\/rollambiacasino.com\/it\/#\/schema\/logo\/image\/","url":"https:\/\/rollambiacasino.com\/wp-content\/uploads\/2026\/02\/Rollambia-logo.png","contentUrl":"https:\/\/rollambiacasino.com\/wp-content\/uploads\/2026\/02\/Rollambia-logo.png","width":160,"height":40,"caption":"Rollambia"},"image":{"@id":"https:\/\/rollambiacasino.com\/it\/#\/schema\/logo\/image\/"}}]}},"_links":{"self":[{"href":"https:\/\/rollambiacasino.com\/it\/wp-json\/wp\/v2\/pages\/1445","targetHints":{"allow":["GET"]}}],"collection":[{"href":"https:\/\/rollambiacasino.com\/it\/wp-json\/wp\/v2\/pages"}],"about":[{"href":"https:\/\/rollambiacasino.com\/it\/wp-json\/wp\/v2\/types\/page"}],"author":[{"embeddable":true,"href":"https:\/\/rollambiacasino.com\/it\/wp-json\/wp\/v2\/users\/1"}],"replies":[{"embeddable":true,"href":"https:\/\/rollambiacasino.com\/it\/wp-json\/wp\/v2\/comments?post=1445"}],"version-history":[{"count":3,"href":"https:\/\/rollambiacasino.com\/it\/wp-json\/wp\/v2\/pages\/1445\/revisions"}],"predecessor-version":[{"id":2090,"href":"https:\/\/rollambiacasino.com\/it\/wp-json\/wp\/v2\/pages\/1445\/revisions\/2090"}],"wp:attachment":[{"href":"https:\/\/rollambiacasino.com\/it\/wp-json\/wp\/v2\/media?parent=1445"}],"curies":[{"name":"wp","href":"https:\/\/api.w.org\/{rel}","templated":true}]}}