{"id":1440,"date":"2026-01-20T12:08:23","date_gmt":"2026-01-20T12:08:23","guid":{"rendered":"https:\/\/bonuskongcasino.com\/app\/"},"modified":"2026-02-24T11:25:04","modified_gmt":"2026-02-24T11:25:04","slug":"app","status":"publish","type":"page","link":"https:\/\/rollambiacasino.com\/fr\/app\/","title":{"rendered":"App"},"content":{"rendered":"<h1>Application Rollambia<\/h1>\n<p>L&rsquo;application Rollambia vous permet de jouer \u00e0 vos jeux pr\u00e9f\u00e9r\u00e9s sur smartphones et tablettes. C&rsquo;est une option pratique pour les joueurs qui souhaitent rester en ligne quel que soit leur emplacement ou leur appareil. Nous proposons une application d\u00e9di\u00e9e et une version navigateur pour tous les appareils Android et iOS. Si vous vous connectez \u00e0 votre compte sur plusieurs appareils, vos r\u00e9alisations et votre progression seront synchronis\u00e9es entre eux.<\/p>\n<div class=\"banner-wrap\" aria-label=\"Banner\"><img src=\"https:\/\/rollambiacasino.com\/wp-content\/uploads\/2026\/02\/Rollambia-banner-desktop.webp\" class=\"w-100 d-none d-lg-block img-pc main-banner-img\" alt=\"Rollambia banner desktop\" fetchpriority=\"high\" decoding=\"async\"><img src=\"https:\/\/rollambiacasino.com\/wp-content\/uploads\/2026\/02\/Rollambia-banner-mobile.webp\" class=\"w-100 d-none d-md-block d-lg-none main-banner-img\" alt=\"Rollambia banner mobile\" fetchpriority=\"high\" decoding=\"async\"><img src=\"https:\/\/rollambiacasino.com\/wp-content\/uploads\/2026\/02\/Rollambia-banner-mobile.webp\" class=\"w-100 d-md-none\" alt=\"Rollambia banner mobile\" fetchpriority=\"high\" decoding=\"async\"><div class=\"banner-description\">\n<div class=\"banner-title\">Bonus de bienvenue<\/div>\n<p class=\"banner-header-title\">1500 \u20ac<\/p>\n<div class=\"banner-header-AdditionalText\">+ 250 Tours gratuits<\/div>\n<button data-item=\"homepage_banner_link\" class=\"goto m-button m-gradient-border m-button--primary m-button--large banner-button btn-orange\">\n            <div class=\"m-button-content\">\n                <span>Inscrivez-vous d\u00e8s maintenant<\/span>\n                <span><\/span>\n            <\/div>\n        <\/button>\n<\/div>\n<div class=\"WelcomePack\">\n<p><img loading=\"lazy\" decoding=\"async\" class=\"alignnone size-full wp-image-1846\" src=\"https:\/\/rollambiacasino.com\/wp-content\/uploads\/2026\/02\/welcome-crown.png\" alt=\"welcome crown\" width=\"25\" height=\"26\" \/><\/p>\n<div class=\"WelcomePack-Info\">Cashback hebdomadaire jusqu&rsquo;\u00e0 25 %<\/div>\n<p><img loading=\"lazy\" decoding=\"async\" class=\"alignnone size-full wp-image-1846\" src=\"https:\/\/rollambiacasino.com\/wp-content\/uploads\/2026\/02\/welcome-crown.png\" alt=\"welcome crown\" width=\"25\" height=\"26\" \/><\/p>\n<\/div>\n<\/div>\n<h2>Fonctionnalit\u00e9s de l&rsquo;application Rollambia<\/h2>\n<p>L&rsquo;application Roll Ambia est construite sur la technologie PWA (Progressive Web Application). Ce framework offre des temps de chargement plus rapides et un gameplay plus fluide par rapport aux sessions de navigateur standard. L&rsquo;interface s&rsquo;adapte automatiquement aux diff\u00e9rentes tailles d&rsquo;\u00e9cran.<\/p>\n<p>Environ 80% de nos joueurs pr\u00e9f\u00e8rent le jeu mobile au desktop. Le casino mobile propose la collection compl\u00e8te de jeux : machines \u00e0 sous en ligne, jeux de table, titres de casino en direct et jeux crash. Tous les processus fonctionnent de mani\u00e8re identique \u00e0 la plateforme desktop, y compris l&rsquo;inscription, la connexion, les paiements et le processus de v\u00e9rification. Si vous rencontrez des probl\u00e8mes, contactez-nous via le chat en direct int\u00e9gr\u00e9 \u00e0 l&rsquo;application.<\/p>\n<table>\n<tbody>\n<tr>\n<td>Fonctionnalit\u00e9<\/td>\n<td>Application Mobile<\/td>\n<td>Version Navigateur<\/td>\n<\/tr>\n<tr>\n<td>Installation<\/td>\n<td>Configuration unique depuis le site web<\/td>\n<td>Aucune installation n\u00e9cessaire<\/td>\n<\/tr>\n<tr>\n<td>Utilisation du stockage<\/td>\n<td>Minimale (donn\u00e9es en cache uniquement)<\/td>\n<td>Aucune<\/td>\n<\/tr>\n<tr>\n<td>Notifications push<\/td>\n<td>Oui<\/td>\n<td>Non<\/td>\n<\/tr>\n<tr>\n<td>Acc\u00e8s hors ligne<\/td>\n<td>Partiel (pages en cache)<\/td>\n<td>Non<\/td>\n<\/tr>\n<tr>\n<td>Vitesse de chargement<\/td>\n<td>Plus rapide (PWA optimis\u00e9e)<\/td>\n<td>D\u00e9pend de la connexion<\/td>\n<\/tr>\n<tr>\n<td>Ic\u00f4ne sur l&rsquo;\u00e9cran d&rsquo;accueil<\/td>\n<td>Oui<\/td>\n<td>Raccourci manuel uniquement<\/td>\n<\/tr>\n<tr>\n<td>Mises \u00e0 jour automatiques<\/td>\n<td>Automatiques<\/td>\n<td>Toujours \u00e0 jour<\/td>\n<\/tr>\n<\/tbody>\n<\/table>\n<p>Jouer sur PC vous offre un \u00e9cran plus grand et des visuels am\u00e9lior\u00e9s. La version desktop fonctionne mieux pour les sessions de jeu prolong\u00e9es et offre des graphismes plus immersifs. L&rsquo;application Rollambia gagne en portabilit\u00e9 et en acc\u00e8s rapide gr\u00e2ce aux notifications push.<\/p>\n<p><div class=\"scrollable-content-wrap my-5\"><div class=\"scrollable-content-inner\"><h2>Application Roll Ambia sur appareils Android<\/h2>\n<p>Les utilisateurs Android peuvent acc\u00e9der \u00e0 notre plateforme sur n&rsquo;importe quel appareil de leur choix. L&rsquo;application Rollambia ne n\u00e9cessite pas le t\u00e9l\u00e9chargement de gros fichiers APK. Notre solution est une progressive web application qui utilise un minimum d&rsquo;espace de stockage pour les donn\u00e9es en cache uniquement.<\/p>\n<p>Pour installer l&rsquo;application Roll Ambia sur Android, suivez ces \u00e9tapes :<\/p>\n<ol>\n<li>Visitez Rollambia Casino dans votre navigateur mobile pr\u00e9f\u00e9r\u00e9<\/li>\n<li>Cliquez sur \u00ab Casino App \u00bb dans le pied de page de la page principale<\/li>\n<li>Cliquez sur \u00ab Installer \u00bb lorsque le bouton appara\u00eet \u00e0 l&rsquo;\u00e9cran<\/li>\n<li>Terminez l&rsquo;installation pour ajouter l&rsquo;ic\u00f4ne \u00e0 votre \u00e9cran d&rsquo;accueil<\/li>\n<\/ol>\n<p>L&rsquo;ensemble du processus prend quelques minutes. Apr\u00e8s l&rsquo;installation, vous obtenez un acc\u00e8s direct \u00e0 l&rsquo;ensemble de la biblioth\u00e8que de jeux. L&rsquo;interface dispose de grands boutons et d&rsquo;une navigation tactile qui fonctionne parfaitement sur les smartphones et les tablettes.<\/p>\n<p><img loading=\"lazy\" decoding=\"async\" class=\"alignnone size-full wp-image-1998\" src=\"https:\/\/rollambiacasino.com\/wp-content\/uploads\/2026\/02\/Rollambia-Android.webp\" alt=\"Rollambia Android\" width=\"1248\" height=\"536\" srcset=\"https:\/\/rollambiacasino.com\/wp-content\/uploads\/2026\/02\/Rollambia-Android.webp 1248w, https:\/\/rollambiacasino.com\/wp-content\/uploads\/2026\/02\/Rollambia-Android-300x129.webp 300w, https:\/\/rollambiacasino.com\/wp-content\/uploads\/2026\/02\/Rollambia-Android-1024x440.webp 1024w, https:\/\/rollambiacasino.com\/wp-content\/uploads\/2026\/02\/Rollambia-Android-768x330.webp 768w\" sizes=\"auto, (max-width: 1248px) 100vw, 1248px\" \/><\/p>\n<\/div><\/div><div style=\"clear: both\"><\/div><div class=\"d-flex justify-content-center\"><button data-item=\"decouvrez_link\" data-group=\"website_links\" class=\"goto fw-bold rounded-pill btn btn-orange\" aria-label=\"T\u00e9l\u00e9chargez l&#039;application Rollambia\" >T\u00e9l\u00e9chargez l&#039;application Rollambia<\/button><\/div><div class=\"scrollable-content-wrap my-5\"><div class=\"scrollable-content-inner\"><h2>Application Rollambia \u2013 iOS<\/h2>\n<p>Les utilisateurs iOS ont plusieurs fa\u00e7ons de jouer au Rollambia Casino. L&rsquo;application est disponible pour installation directement depuis notre site web. Comme l&rsquo;App Store a des restrictions sur les applications de jeux d&rsquo;argent, vous ne la trouverez pas l\u00e0-bas.<\/p>\n<p>Le processus d&rsquo;installation via Safari est simple. Rendez-vous sur notre site officiel, faites d\u00e9filer jusqu&rsquo;au pied de page et appuyez sur le lien \u00ab Casino App \u00bb. S\u00e9lectionnez \u00ab Installer \u00bb pour ajouter la Progressive Web Application \u00e0 votre \u00e9cran d&rsquo;accueil. Lancez l&rsquo;ic\u00f4ne de l&rsquo;application et connectez-vous pour commencer \u00e0 jouer.<\/p>\n<p>La version iOS est optimis\u00e9e pour le tactile, avec des gestes de balayage et des commandes r\u00e9actives. Les notifications push vous tiennent inform\u00e9 des nouveaux bonus, des sorties de jeux et des promotions exclusives. L&rsquo;application Roll Ambia s&rsquo;adapte parfaitement aux \u00e9crans iPhone et iPad.<\/p>\n<p><img loading=\"lazy\" decoding=\"async\" class=\"alignnone size-full wp-image-2014\" src=\"https:\/\/rollambiacasino.com\/wp-content\/uploads\/2026\/02\/Rollambia-iOS.webp\" alt=\"Rollambia iOS\" width=\"1248\" height=\"536\" srcset=\"https:\/\/rollambiacasino.com\/wp-content\/uploads\/2026\/02\/Rollambia-iOS.webp 1248w, https:\/\/rollambiacasino.com\/wp-content\/uploads\/2026\/02\/Rollambia-iOS-300x129.webp 300w, https:\/\/rollambiacasino.com\/wp-content\/uploads\/2026\/02\/Rollambia-iOS-1024x440.webp 1024w, https:\/\/rollambiacasino.com\/wp-content\/uploads\/2026\/02\/Rollambia-iOS-768x330.webp 768w\" sizes=\"auto, (max-width: 1248px) 100vw, 1248px\" \/><\/p>\n<\/div><\/div><div style=\"clear: both\"><\/div><div class=\"d-flex justify-content-center\"><button data-item=\"decouvrez_link\" data-group=\"website_links\" class=\"goto fw-bold rounded-pill btn btn-orange\" aria-label=\"T\u00e9l\u00e9charger Rollambia\" >T\u00e9l\u00e9charger Rollambia<\/button><\/div><div class=\"scrollable-content-wrap my-5\"><div class=\"scrollable-content-inner\"><h2>Roll Ambia Casino \u2013 Version Desktop<\/h2>\n<p>Jouer sur un PC ou un ordinateur portable avec un grand \u00e9cran offre une exp\u00e9rience de jeu plus immersive. Tous vos d\u00e9tails et pr\u00e9f\u00e9rences Rollambia Casino se synchronisent entre les plateformes mobiles et desktop.<\/p>\n<p>La version desktop offre deux options principales. La version navigateur vous permet d&rsquo;acc\u00e9der \u00e0 notre site web via Safari, Google Chrome, Mozilla Firefox ou Microsoft Edge sans aucun t\u00e9l\u00e9chargement. L&rsquo;ic\u00f4ne de raccourci vous donne un acc\u00e8s plus rapide sans ouvrir le navigateur et chercher le site manuellement.<\/p>\n<p>Avec une connexion Internet stable, vous profiterez d&rsquo;un gameplay fluide et d&rsquo;un chargement rapide de toutes les fonctionnalit\u00e9s. La plateforme desktop offre des visuels plus grands et des effets sonores am\u00e9lior\u00e9s. L&rsquo;\u00e9quipe de support est disponible via le m\u00eame syst\u00e8me de chat en direct que dans le casino mobile.<\/p>\n<p><img loading=\"lazy\" decoding=\"async\" class=\"alignnone size-full wp-image-2006\" src=\"https:\/\/rollambiacasino.com\/wp-content\/uploads\/2026\/02\/Rollambia-Desktop.png\" alt=\"Rollambia Desktop\" width=\"1248\" height=\"536\" srcset=\"https:\/\/rollambiacasino.com\/wp-content\/uploads\/2026\/02\/Rollambia-Desktop.png 1248w, https:\/\/rollambiacasino.com\/wp-content\/uploads\/2026\/02\/Rollambia-Desktop-300x129.png 300w, https:\/\/rollambiacasino.com\/wp-content\/uploads\/2026\/02\/Rollambia-Desktop-1024x440.png 1024w, https:\/\/rollambiacasino.com\/wp-content\/uploads\/2026\/02\/Rollambia-Desktop-768x330.png 768w\" sizes=\"auto, (max-width: 1248px) 100vw, 1248px\" \/><\/p>\n<\/div><\/div><div style=\"clear: both\"><\/div><div class=\"d-flex justify-content-center\"><button data-item=\"decouvrez_link\" data-group=\"website_links\" class=\"goto fw-bold rounded-pill btn btn-orange\" aria-label=\"T\u00e9l\u00e9chargez l&#039;application Rollambia\" >T\u00e9l\u00e9chargez l&#039;application Rollambia<\/button><\/div><div class=\"scrollable-content-wrap my-5\"><div class=\"scrollable-content-inner\"><h2>Configuration requise<\/h2>\n<p>L&rsquo;application Rollambia fonctionne sur la plupart des appareils modernes. Les sp\u00e9cifications minimales garantissent des performances stables et un gameplay fluide sur toutes les plateformes.<\/p>\n<table>\n<tbody>\n<tr>\n<td>Plateforme<\/td>\n<td>Exigence<\/td>\n<\/tr>\n<tr>\n<td>Android<\/td>\n<td>Version 8.0 ou sup\u00e9rieure<\/td>\n<\/tr>\n<tr>\n<td>iOS<\/td>\n<td>Version 14.0 ou sup\u00e9rieure<\/td>\n<\/tr>\n<tr>\n<td>RAM<\/td>\n<td>2 Go minimum<\/td>\n<\/tr>\n<tr>\n<td>Stockage<\/td>\n<td>50 Mo pour les donn\u00e9es en cache<\/td>\n<\/tr>\n<tr>\n<td>Connexion<\/td>\n<td>3G\/4G\/5G ou Wi-Fi<\/td>\n<\/tr>\n<tr>\n<td>Navigateurs<\/td>\n<td>Chrome, Safari, Firefox, Edge<\/td>\n<\/tr>\n<\/tbody>\n<\/table>\n<p>La technologie PWA permet \u00e0 l&rsquo;application Roll Ambia de fonctionner efficacement m\u00eame sur des appareils plus anciens. Aucun t\u00e9l\u00e9chargement lourd n&rsquo;est requis. L&rsquo;application utilise les ressources de l&rsquo;appareil avec parcimonie tout en maintenant des graphismes de haute qualit\u00e9 et des temps de r\u00e9ponse rapides.<\/p>\n<h2>S\u00e9curit\u00e9 de l&rsquo;application et protection des donn\u00e9es<\/h2>\n<p>Rollambia Casino utilise des protocoles de cryptage conformes aux normes de l&rsquo;industrie pour prot\u00e9ger toutes les donn\u00e9es des utilisateurs. L&rsquo;application impl\u00e9mente la technologie AES\/SSL pour des connexions s\u00e9curis\u00e9es entre votre appareil et nos serveurs. Toutes les transactions financi\u00e8res sont trait\u00e9es via des passerelles de paiement v\u00e9rifi\u00e9es.<\/p>\n<p>Le processus de v\u00e9rification confirme votre identit\u00e9 et prot\u00e8ge votre compte contre les acc\u00e8s non autoris\u00e9s. Nous stockons les informations personnelles conform\u00e9ment aux r\u00e9glementations strictes de protection des donn\u00e9es. L&rsquo;application Rollambia re\u00e7oit automatiquement des mises \u00e0 jour de s\u00e9curit\u00e9 r\u00e9guli\u00e8res via le framework PWA.<\/p>\n<p>L&rsquo;authentification \u00e0 deux facteurs ajoute une couche de protection suppl\u00e9mentaire \u00e0 votre compte. La gestion des sessions vous d\u00e9connecte automatiquement apr\u00e8s des p\u00e9riodes d&rsquo;inactivit\u00e9. Notre \u00e9quipe de s\u00e9curit\u00e9 surveille la plateforme 24 heures sur 24 pour d\u00e9tecter et pr\u00e9venir les activit\u00e9s suspectes.<\/p>\n<h2>FAQ<\/h2>\n<h3>Comment mettre \u00e0 jour l&rsquo;application Roll Ambia vers la derni\u00e8re version ?<\/h3>\n<p>L&rsquo;application Rollambia est une progressive web application. Elle se met \u00e0 jour automatiquement sans aucune action de votre part. Chaque fois que vous ouvrez l&rsquo;application avec une connexion Internet, elle v\u00e9rifie les mises \u00e0 jour et les applique instantan\u00e9ment.<\/p>\n<h3>Que dois-je faire si l&rsquo;application plante ou ne se charge pas correctement ?<\/h3>\n<p>V\u00e9rifiez d&rsquo;abord votre connexion Internet. Red\u00e9marrez votre appareil si le probl\u00e8me persiste. Vider le cache du navigateur peut r\u00e9soudre les probl\u00e8mes courants. Si les probl\u00e8mes continuent, contactez notre \u00e9quipe de support via le chat en direct pour une assistance technique. L&rsquo;\u00e9quipe est disponible 24h\/24 et 7j\/7 pour aider avec tous les probl\u00e8mes li\u00e9s \u00e0 votre exp\u00e9rience de jeu.<\/p>\n<h3>L&rsquo;application est-elle compatible avec les tablettes ?<\/h3>\n<p>L&rsquo;application Roll Ambia est optimis\u00e9e pour les smartphones et les tablettes. L&rsquo;interface s&rsquo;adapte \u00e0 la taille de l&rsquo;\u00e9cran, offrant une exp\u00e9rience confortable sur les grands \u00e9crans. Toutes les fonctionnalit\u00e9s fonctionnent de mani\u00e8re identique sur diff\u00e9rents types d&rsquo;appareils.<\/p>\n<\/div><\/div><\/p>\n","protected":false},"excerpt":{"rendered":"<p>Application Rollambia L&rsquo;application Rollambia vous permet de jouer \u00e0 vos jeux pr\u00e9f\u00e9r\u00e9s sur smartphones et tablettes. C&rsquo;est une option pratique pour les joueurs qui souhaitent rester en ligne quel que soit leur emplacement ou leur appareil. Nous proposons une application d\u00e9di\u00e9e et une version navigateur pour tous les appareils Android et iOS. Si vous vous [&hellip;]<\/p>\n","protected":false},"author":1,"featured_media":0,"parent":0,"menu_order":0,"comment_status":"closed","ping_status":"closed","template":"template-builder.php","meta":{"_acf_changed":false,"inline_featured_image":false,"footnotes":""},"class_list":["post-1440","page","type-page","status-publish","hentry"],"acf":[],"yoast_head":"<!-- This site is optimized with the Yoast SEO plugin v27.3 - https:\/\/yoast.com\/product\/yoast-seo-wordpress\/ -->\n<title>Rollambia Casino App \u2013 T\u00e9l\u00e9charger iOS &amp; Android<\/title>\n<meta name=\"description\" content=\"Rollambia App \u2013 t\u00e9l\u00e9chargez l&#039;application mobile pour iOS et Android pour jouer aux machines \u00e0 sous, jeux de table et casino en direct partout. Profitez de performances fluides et d&#039;un acc\u00e8s complet \u00e0 votre compte avec Roll Ambia.\" \/>\n<meta name=\"robots\" content=\"index, follow, max-snippet:-1, max-image-preview:large, max-video-preview:-1\" \/>\n<link rel=\"canonical\" href=\"https:\/\/rollambiacasino.com\/fr\/app\/\" \/>\n<meta property=\"og:locale\" content=\"fr_FR\" \/>\n<meta property=\"og:type\" content=\"article\" \/>\n<meta property=\"og:title\" content=\"Rollambia Casino App \u2013 T\u00e9l\u00e9charger iOS &amp; Android\" \/>\n<meta property=\"og:description\" content=\"Rollambia App \u2013 t\u00e9l\u00e9chargez l&#039;application mobile pour iOS et Android pour jouer aux machines \u00e0 sous, jeux de table et casino en direct partout. Profitez de performances fluides et d&#039;un acc\u00e8s complet \u00e0 votre compte avec Roll Ambia.\" \/>\n<meta property=\"og:url\" content=\"https:\/\/rollambiacasino.com\/fr\/app\/\" \/>\n<meta property=\"og:site_name\" content=\"rollambia\" \/>\n<meta property=\"article:modified_time\" content=\"2026-02-24T11:25:04+00:00\" \/>\n<meta name=\"twitter:card\" content=\"summary_large_image\" \/>\n<meta name=\"twitter:label1\" content=\"Dur\u00e9e de lecture estim\u00e9e\" \/>\n\t<meta name=\"twitter:data1\" content=\"2 minutes\" \/>\n<script type=\"application\/ld+json\" class=\"yoast-schema-graph\">{\"@context\":\"https:\\\/\\\/schema.org\",\"@graph\":[{\"@type\":\"WebPage\",\"@id\":\"https:\\\/\\\/rollambiacasino.com\\\/fr\\\/app\\\/\",\"url\":\"https:\\\/\\\/rollambiacasino.com\\\/fr\\\/app\\\/\",\"name\":\"Rollambia Casino App \u2013 T\u00e9l\u00e9charger iOS & Android\",\"isPartOf\":{\"@id\":\"https:\\\/\\\/rollambiacasino.com\\\/fr\\\/#website\"},\"datePublished\":\"2026-01-20T12:08:23+00:00\",\"dateModified\":\"2026-02-24T11:25:04+00:00\",\"description\":\"Rollambia App \u2013 t\u00e9l\u00e9chargez l'application mobile pour iOS et Android pour jouer aux machines \u00e0 sous, jeux de table et casino en direct partout. Profitez de performances fluides et d'un acc\u00e8s complet \u00e0 votre compte avec Roll Ambia.\",\"breadcrumb\":{\"@id\":\"https:\\\/\\\/rollambiacasino.com\\\/fr\\\/app\\\/#breadcrumb\"},\"inLanguage\":\"fr-FR\",\"potentialAction\":[{\"@type\":\"ReadAction\",\"target\":[\"https:\\\/\\\/rollambiacasino.com\\\/fr\\\/app\\\/\"]}]},{\"@type\":\"BreadcrumbList\",\"@id\":\"https:\\\/\\\/rollambiacasino.com\\\/fr\\\/app\\\/#breadcrumb\",\"itemListElement\":[{\"@type\":\"ListItem\",\"position\":1,\"name\":\"Rollambia\",\"item\":\"https:\\\/\\\/rollambiacasino.com\\\/fr\\\/\"},{\"@type\":\"ListItem\",\"position\":2,\"name\":\"App\"}]},{\"@type\":\"WebSite\",\"@id\":\"https:\\\/\\\/rollambiacasino.com\\\/fr\\\/#website\",\"url\":\"https:\\\/\\\/rollambiacasino.com\\\/fr\\\/\",\"name\":\"Rollambia\",\"description\":\"\",\"publisher\":{\"@id\":\"https:\\\/\\\/rollambiacasino.com\\\/fr\\\/#organization\"},\"potentialAction\":[{\"@type\":\"SearchAction\",\"target\":{\"@type\":\"EntryPoint\",\"urlTemplate\":\"https:\\\/\\\/rollambiacasino.com\\\/fr\\\/?s={search_term_string}\"},\"query-input\":{\"@type\":\"PropertyValueSpecification\",\"valueRequired\":true,\"valueName\":\"search_term_string\"}}],\"inLanguage\":\"fr-FR\"},{\"@type\":\"Organization\",\"@id\":\"https:\\\/\\\/rollambiacasino.com\\\/fr\\\/#organization\",\"name\":\"Rollambia\",\"url\":\"https:\\\/\\\/rollambiacasino.com\\\/fr\\\/\",\"logo\":{\"@type\":\"ImageObject\",\"inLanguage\":\"fr-FR\",\"@id\":\"https:\\\/\\\/rollambiacasino.com\\\/fr\\\/#\\\/schema\\\/logo\\\/image\\\/\",\"url\":\"https:\\\/\\\/rollambiacasino.com\\\/wp-content\\\/uploads\\\/2026\\\/02\\\/Rollambia-logo.png\",\"contentUrl\":\"https:\\\/\\\/rollambiacasino.com\\\/wp-content\\\/uploads\\\/2026\\\/02\\\/Rollambia-logo.png\",\"width\":160,\"height\":40,\"caption\":\"Rollambia\"},\"image\":{\"@id\":\"https:\\\/\\\/rollambiacasino.com\\\/fr\\\/#\\\/schema\\\/logo\\\/image\\\/\"}}]}<\/script>\n<!-- \/ Yoast SEO plugin. -->","yoast_head_json":{"title":"Rollambia Casino App \u2013 T\u00e9l\u00e9charger iOS & Android","description":"Rollambia App \u2013 t\u00e9l\u00e9chargez l'application mobile pour iOS et Android pour jouer aux machines \u00e0 sous, jeux de table et casino en direct partout. Profitez de performances fluides et d'un acc\u00e8s complet \u00e0 votre compte avec Roll Ambia.","robots":{"index":"index","follow":"follow","max-snippet":"max-snippet:-1","max-image-preview":"max-image-preview:large","max-video-preview":"max-video-preview:-1"},"canonical":"https:\/\/rollambiacasino.com\/fr\/app\/","og_locale":"fr_FR","og_type":"article","og_title":"Rollambia Casino App \u2013 T\u00e9l\u00e9charger iOS & Android","og_description":"Rollambia App \u2013 t\u00e9l\u00e9chargez l'application mobile pour iOS et Android pour jouer aux machines \u00e0 sous, jeux de table et casino en direct partout. Profitez de performances fluides et d'un acc\u00e8s complet \u00e0 votre compte avec Roll Ambia.","og_url":"https:\/\/rollambiacasino.com\/fr\/app\/","og_site_name":"rollambia","article_modified_time":"2026-02-24T11:25:04+00:00","twitter_card":"summary_large_image","twitter_misc":{"Dur\u00e9e de lecture estim\u00e9e":"2 minutes"},"schema":{"@context":"https:\/\/schema.org","@graph":[{"@type":"WebPage","@id":"https:\/\/rollambiacasino.com\/fr\/app\/","url":"https:\/\/rollambiacasino.com\/fr\/app\/","name":"Rollambia Casino App \u2013 T\u00e9l\u00e9charger iOS & Android","isPartOf":{"@id":"https:\/\/rollambiacasino.com\/fr\/#website"},"datePublished":"2026-01-20T12:08:23+00:00","dateModified":"2026-02-24T11:25:04+00:00","description":"Rollambia App \u2013 t\u00e9l\u00e9chargez l'application mobile pour iOS et Android pour jouer aux machines \u00e0 sous, jeux de table et casino en direct partout. Profitez de performances fluides et d'un acc\u00e8s complet \u00e0 votre compte avec Roll Ambia.","breadcrumb":{"@id":"https:\/\/rollambiacasino.com\/fr\/app\/#breadcrumb"},"inLanguage":"fr-FR","potentialAction":[{"@type":"ReadAction","target":["https:\/\/rollambiacasino.com\/fr\/app\/"]}]},{"@type":"BreadcrumbList","@id":"https:\/\/rollambiacasino.com\/fr\/app\/#breadcrumb","itemListElement":[{"@type":"ListItem","position":1,"name":"Rollambia","item":"https:\/\/rollambiacasino.com\/fr\/"},{"@type":"ListItem","position":2,"name":"App"}]},{"@type":"WebSite","@id":"https:\/\/rollambiacasino.com\/fr\/#website","url":"https:\/\/rollambiacasino.com\/fr\/","name":"Rollambia","description":"","publisher":{"@id":"https:\/\/rollambiacasino.com\/fr\/#organization"},"potentialAction":[{"@type":"SearchAction","target":{"@type":"EntryPoint","urlTemplate":"https:\/\/rollambiacasino.com\/fr\/?s={search_term_string}"},"query-input":{"@type":"PropertyValueSpecification","valueRequired":true,"valueName":"search_term_string"}}],"inLanguage":"fr-FR"},{"@type":"Organization","@id":"https:\/\/rollambiacasino.com\/fr\/#organization","name":"Rollambia","url":"https:\/\/rollambiacasino.com\/fr\/","logo":{"@type":"ImageObject","inLanguage":"fr-FR","@id":"https:\/\/rollambiacasino.com\/fr\/#\/schema\/logo\/image\/","url":"https:\/\/rollambiacasino.com\/wp-content\/uploads\/2026\/02\/Rollambia-logo.png","contentUrl":"https:\/\/rollambiacasino.com\/wp-content\/uploads\/2026\/02\/Rollambia-logo.png","width":160,"height":40,"caption":"Rollambia"},"image":{"@id":"https:\/\/rollambiacasino.com\/fr\/#\/schema\/logo\/image\/"}}]}},"_links":{"self":[{"href":"https:\/\/rollambiacasino.com\/fr\/wp-json\/wp\/v2\/pages\/1440","targetHints":{"allow":["GET"]}}],"collection":[{"href":"https:\/\/rollambiacasino.com\/fr\/wp-json\/wp\/v2\/pages"}],"about":[{"href":"https:\/\/rollambiacasino.com\/fr\/wp-json\/wp\/v2\/types\/page"}],"author":[{"embeddable":true,"href":"https:\/\/rollambiacasino.com\/fr\/wp-json\/wp\/v2\/users\/1"}],"replies":[{"embeddable":true,"href":"https:\/\/rollambiacasino.com\/fr\/wp-json\/wp\/v2\/comments?post=1440"}],"version-history":[{"count":3,"href":"https:\/\/rollambiacasino.com\/fr\/wp-json\/wp\/v2\/pages\/1440\/revisions"}],"predecessor-version":[{"id":2066,"href":"https:\/\/rollambiacasino.com\/fr\/wp-json\/wp\/v2\/pages\/1440\/revisions\/2066"}],"wp:attachment":[{"href":"https:\/\/rollambiacasino.com\/fr\/wp-json\/wp\/v2\/media?parent=1440"}],"curies":[{"name":"wp","href":"https:\/\/api.w.org\/{rel}","templated":true}]}}