{"id":1449,"date":"2026-01-20T12:08:23","date_gmt":"2026-01-20T12:08:23","guid":{"rendered":"https:\/\/bonuskongcasino.com\/app-2\/"},"modified":"2026-02-24T13:32:22","modified_gmt":"2026-02-24T13:32:22","slug":"aplicacion","status":"publish","type":"page","link":"https:\/\/rollambiacasino.com\/es\/aplicacion\/","title":{"rendered":"Aplicaci\u00f3n"},"content":{"rendered":"<h1>Aplicaci\u00f3n Rollambia<\/h1>\n<p>La aplicaci\u00f3n Rollambia te permite jugar a tus juegos favoritos en smartphones y tablets. Es una opci\u00f3n conveniente para jugadores que quieren permanecer en l\u00ednea independientemente de la ubicaci\u00f3n o el dispositivo. Ofrecemos una aplicaci\u00f3n dedicada y una versi\u00f3n de navegador para todos los dispositivos Android e iOS. Si inicias sesi\u00f3n en tu cuenta en m\u00faltiples dispositivos, tus logros y progreso se sincronizar\u00e1n entre ellos.<\/p>\n<div class=\"banner-wrap\" aria-label=\"Banner\"><img src=\"https:\/\/rollambiacasino.com\/wp-content\/uploads\/2026\/02\/Rollambia-banner-desktop.webp\" class=\"w-100 d-none d-lg-block img-pc main-banner-img\" alt=\"Rollambia banner desktop\" fetchpriority=\"high\" decoding=\"async\"><img src=\"https:\/\/rollambiacasino.com\/wp-content\/uploads\/2026\/02\/Rollambia-banner-mobile.webp\" class=\"w-100 d-none d-md-block d-lg-none main-banner-img\" alt=\"Rollambia banner mobile\" fetchpriority=\"high\" decoding=\"async\"><img src=\"https:\/\/rollambiacasino.com\/wp-content\/uploads\/2026\/02\/Rollambia-banner-mobile.webp\" class=\"w-100 d-md-none\" alt=\"Rollambia banner mobile\" fetchpriority=\"high\" decoding=\"async\"><div class=\"banner-description\">\n<div class=\"banner-title\">Bonos de bienvenida<\/div>\n<p class=\"banner-header-title\">1500 \u20ac<\/p>\n<div class=\"banner-header-AdditionalText\">+ 250 Tiradas gratis<\/div>\n<button data-item=\"homepage_banner_link\" class=\"goto m-button m-gradient-border m-button--primary m-button--large banner-button btn-orange\">\n            <div class=\"m-button-content\">\n                <span>Reg\u00edstrate ahora<\/span>\n                <span><\/span>\n            <\/div>\n        <\/button>\n<\/div>\n<div class=\"WelcomePack\">\n<p><img loading=\"lazy\" decoding=\"async\" class=\"alignnone size-full wp-image-1851\" src=\"https:\/\/rollambiacasino.com\/wp-content\/uploads\/2026\/02\/welcome-crown.png\" alt=\"welcome crown\" width=\"25\" height=\"26\" \/><\/p>\n<div class=\"WelcomePack-Info\">Reembolso semanal de hasta el 25 %<\/div>\n<p><img loading=\"lazy\" decoding=\"async\" class=\"alignnone size-full wp-image-1851\" src=\"https:\/\/rollambiacasino.com\/wp-content\/uploads\/2026\/02\/welcome-crown.png\" alt=\"welcome crown\" width=\"25\" height=\"26\" \/><\/p>\n<\/div>\n<\/div>\n<h2>Caracter\u00edsticas de la Aplicaci\u00f3n Rollambia<\/h2>\n<p>La aplicaci\u00f3n Roll Ambia est\u00e1 construida con tecnolog\u00eda PWA (Progressive Web Application). Este framework proporciona tiempos de carga m\u00e1s r\u00e1pidos y un gameplay m\u00e1s fluido en comparaci\u00f3n con las sesiones de navegador est\u00e1ndar. La interfaz se adapta autom\u00e1ticamente a diferentes tama\u00f1os de pantalla.<\/p>\n<p>Aproximadamente el 80% de nuestros jugadores prefieren el juego m\u00f3vil al de escritorio. El casino m\u00f3vil ofrece la colecci\u00f3n completa de juegos: slots en l\u00ednea, juegos de mesa, t\u00edtulos de casino en vivo y crash games. Todos los procesos funcionan de manera id\u00e9ntica a la plataforma de escritorio, incluyendo registro, inicio de sesi\u00f3n, pagos y el proceso de verificaci\u00f3n. Si encuentras alg\u00fan problema, cont\u00e1ctanos a trav\u00e9s del chat en vivo integrado en la aplicaci\u00f3n.<\/p>\n<table>\n<tbody>\n<tr>\n<td>Caracter\u00edstica<\/td>\n<td>App M\u00f3vil<\/td>\n<td>Versi\u00f3n de Navegador<\/td>\n<\/tr>\n<tr>\n<td>Instalaci\u00f3n<\/td>\n<td>Configuraci\u00f3n \u00fanica desde el sitio web<\/td>\n<td>No requiere instalaci\u00f3n<\/td>\n<\/tr>\n<tr>\n<td>Uso de almacenamiento<\/td>\n<td>M\u00ednimo (solo datos en cach\u00e9)<\/td>\n<td>Ninguno<\/td>\n<\/tr>\n<tr>\n<td>Notificaciones push<\/td>\n<td>S\u00ed<\/td>\n<td>No<\/td>\n<\/tr>\n<tr>\n<td>Acceso sin conexi\u00f3n<\/td>\n<td>Parcial (p\u00e1ginas en cach\u00e9)<\/td>\n<td>No<\/td>\n<\/tr>\n<tr>\n<td>Velocidad de carga<\/td>\n<td>M\u00e1s r\u00e1pida (PWA optimizada)<\/td>\n<td>Depende de la conexi\u00f3n<\/td>\n<\/tr>\n<tr>\n<td>Icono en pantalla de inicio<\/td>\n<td>S\u00ed<\/td>\n<td>Solo acceso directo manual<\/td>\n<\/tr>\n<tr>\n<td>Actualizaciones autom\u00e1ticas<\/td>\n<td>Autom\u00e1ticas<\/td>\n<td>Siempre actualizada<\/td>\n<\/tr>\n<\/tbody>\n<\/table>\n<p>Jugar en PC te ofrece una pantalla m\u00e1s grande y visuales mejorados. La versi\u00f3n de escritorio funciona mejor para sesiones de juego m\u00e1s largas y proporciona gr\u00e1ficos m\u00e1s inmersivos. La aplicaci\u00f3n Rollambia gana en portabilidad y acceso r\u00e1pido a trav\u00e9s de notificaciones push.<\/p>\n<p><div class=\"scrollable-content-wrap my-5\"><div class=\"scrollable-content-inner\"><h2>Aplicaci\u00f3n Roll Ambia en Dispositivos Android<\/h2>\n<p>Los usuarios de Android pueden acceder a nuestra plataforma en cualquier dispositivo que prefieran. La aplicaci\u00f3n Rollambia no requiere descargar archivos APK grandes. Nuestra soluci\u00f3n es una progressive web application que utiliza almacenamiento m\u00ednimo del dispositivo solo para datos en cach\u00e9.<\/p>\n<p>Para instalar la aplicaci\u00f3n Roll Ambia en Android, sigue estos pasos:<\/p>\n<ol>\n<li>Visita Rollambia Casino en tu navegador m\u00f3vil preferido<\/li>\n<li>Haz clic en &#8220;Casino App&#8221; en el pie de p\u00e1gina de la p\u00e1gina principal<\/li>\n<li>Haz clic en &#8220;Instalar&#8221; cuando el bot\u00f3n aparezca en la pantalla<\/li>\n<li>Completa la instalaci\u00f3n para a\u00f1adir el icono a tu pantalla de inicio<\/li>\n<\/ol>\n<p>Todo el proceso toma unos pocos minutos. Despu\u00e9s de la instalaci\u00f3n, obtienes acceso directo a toda la biblioteca de juegos. La interfaz cuenta con botones grandes y navegaci\u00f3n t\u00e1ctil que funciona suavemente tanto en smartphones como en tablets.<\/p>\n<p><img loading=\"lazy\" decoding=\"async\" class=\"alignnone size-full wp-image-2003\" src=\"https:\/\/rollambiacasino.com\/wp-content\/uploads\/2026\/02\/Rollambia-Android.webp\" alt=\"Rollambia Android\" width=\"1248\" height=\"536\" srcset=\"https:\/\/rollambiacasino.com\/wp-content\/uploads\/2026\/02\/Rollambia-Android.webp 1248w, https:\/\/rollambiacasino.com\/wp-content\/uploads\/2026\/02\/Rollambia-Android-300x129.webp 300w, https:\/\/rollambiacasino.com\/wp-content\/uploads\/2026\/02\/Rollambia-Android-1024x440.webp 1024w, https:\/\/rollambiacasino.com\/wp-content\/uploads\/2026\/02\/Rollambia-Android-768x330.webp 768w\" sizes=\"auto, (max-width: 1248px) 100vw, 1248px\" \/><\/p>\n<\/div><\/div><div style=\"clear: both\"><\/div><div class=\"d-flex justify-content-center\"><button data-item=\"decouvrez_link\" data-group=\"website_links\" class=\"goto fw-bold rounded-pill btn btn-orange\" aria-label=\"Descarga la aplicaci\u00f3n Rollambia\" >Descarga la aplicaci\u00f3n Rollambia<\/button><\/div><div class=\"scrollable-content-wrap my-5\"><div class=\"scrollable-content-inner\"><h2>Aplicaci\u00f3n Rollambia \u2013 iOS<\/h2>\n<p>Los usuarios de iOS tienen m\u00faltiples formas de jugar en Rollambia Casino. La aplicaci\u00f3n est\u00e1 disponible para instalaci\u00f3n directamente desde nuestro sitio web. Como la App Store tiene restricciones en aplicaciones de juegos de azar, no la encontrar\u00e1s all\u00ed.<\/p>\n<p>El proceso de instalaci\u00f3n a trav\u00e9s de Safari es sencillo. Ve a nuestro sitio web oficial, despl\u00e1zate hasta el pie de p\u00e1gina y toca el enlace &#8220;Casino App&#8221;. Selecciona &#8220;Instalar&#8221; para a\u00f1adir la Progressive Web Application a tu pantalla de inicio. Inicia el icono de la aplicaci\u00f3n e inicia sesi\u00f3n para comenzar a jugar.<\/p>\n<p>La versi\u00f3n iOS est\u00e1 optimizada para t\u00e1ctil, con gestos de deslizamiento y controles responsivos. Las notificaciones push te mantienen informado sobre nuevos bonos, lanzamientos de juegos y promociones exclusivas. La aplicaci\u00f3n Roll Ambia se escala perfectamente tanto a pantallas de iPhone como de iPad.<\/p>\n<p><img loading=\"lazy\" decoding=\"async\" class=\"alignnone size-full wp-image-2019\" src=\"https:\/\/rollambiacasino.com\/wp-content\/uploads\/2026\/02\/Rollambia-iOS.webp\" alt=\"Rollambia iOS\" width=\"1248\" height=\"536\" srcset=\"https:\/\/rollambiacasino.com\/wp-content\/uploads\/2026\/02\/Rollambia-iOS.webp 1248w, https:\/\/rollambiacasino.com\/wp-content\/uploads\/2026\/02\/Rollambia-iOS-300x129.webp 300w, https:\/\/rollambiacasino.com\/wp-content\/uploads\/2026\/02\/Rollambia-iOS-1024x440.webp 1024w, https:\/\/rollambiacasino.com\/wp-content\/uploads\/2026\/02\/Rollambia-iOS-768x330.webp 768w\" sizes=\"auto, (max-width: 1248px) 100vw, 1248px\" \/><\/p>\n<\/div><\/div><div style=\"clear: both\"><\/div><div class=\"d-flex justify-content-center\"><button data-item=\"decouvrez_link\" data-group=\"website_links\" class=\"goto fw-bold rounded-pill btn btn-orange\" aria-label=\"Descargar Rollambia\" >Descargar Rollambia<\/button><\/div><div class=\"scrollable-content-wrap my-5\"><div class=\"scrollable-content-inner\"><h2>Roll Ambia Casino \u2013 Versi\u00f3n de Escritorio<\/h2>\n<p>Jugar en un PC o port\u00e1til con una pantalla grande proporciona una experiencia de juego m\u00e1s inmersiva. Todos tus detalles y preferencias de Rollambia Casino se sincronizan entre plataformas m\u00f3viles y de escritorio.<\/p>\n<p>La versi\u00f3n de escritorio ofrece dos opciones principales. La versi\u00f3n de navegador te permite acceder a nuestro sitio web a trav\u00e9s de Safari, Google Chrome, Mozilla Firefox o Microsoft Edge sin descargas. El icono de acceso directo te da acceso m\u00e1s r\u00e1pido sin abrir el navegador y buscar el sitio web manualmente.<\/p>\n<p>Con una conexi\u00f3n a Internet estable, disfrutar\u00e1s de un gameplay fluido y carga r\u00e1pida de todas las funciones. La plataforma de escritorio proporciona visuales m\u00e1s grandes y efectos de sonido mejorados. El Equipo de Soporte est\u00e1 disponible a trav\u00e9s del mismo sistema de chat en vivo que en el casino m\u00f3vil.<\/p>\n<p><img loading=\"lazy\" decoding=\"async\" class=\"alignnone size-full wp-image-2011\" src=\"https:\/\/rollambiacasino.com\/wp-content\/uploads\/2026\/02\/Rollambia-Desktop.png\" alt=\"Rollambia Desktop\" width=\"1248\" height=\"536\" srcset=\"https:\/\/rollambiacasino.com\/wp-content\/uploads\/2026\/02\/Rollambia-Desktop.png 1248w, https:\/\/rollambiacasino.com\/wp-content\/uploads\/2026\/02\/Rollambia-Desktop-300x129.png 300w, https:\/\/rollambiacasino.com\/wp-content\/uploads\/2026\/02\/Rollambia-Desktop-1024x440.png 1024w, https:\/\/rollambiacasino.com\/wp-content\/uploads\/2026\/02\/Rollambia-Desktop-768x330.png 768w\" sizes=\"auto, (max-width: 1248px) 100vw, 1248px\" \/><\/p>\n<\/div><\/div><div style=\"clear: both\"><\/div><div class=\"d-flex justify-content-center\"><button data-item=\"decouvrez_link\" data-group=\"website_links\" class=\"goto fw-bold rounded-pill btn btn-orange\" aria-label=\"Descarga la aplicaci\u00f3n Rollambia\" >Descarga la aplicaci\u00f3n Rollambia<\/button><\/div><div class=\"scrollable-content-wrap my-5\"><div class=\"scrollable-content-inner\"><h2>Requisitos del Sistema<\/h2>\n<p>La aplicaci\u00f3n Rollambia funciona en la mayor\u00eda de los dispositivos modernos. Las especificaciones m\u00ednimas aseguran un rendimiento estable y gameplay fluido en todas las plataformas.<\/p>\n<table>\n<tbody>\n<tr>\n<td>Plataforma<\/td>\n<td>Requisito<\/td>\n<\/tr>\n<tr>\n<td>Android<\/td>\n<td>Versi\u00f3n 8.0 o superior<\/td>\n<\/tr>\n<tr>\n<td>iOS<\/td>\n<td>Versi\u00f3n 14.0 o superior<\/td>\n<\/tr>\n<tr>\n<td>RAM<\/td>\n<td>2 GB m\u00ednimo<\/td>\n<\/tr>\n<tr>\n<td>Almacenamiento<\/td>\n<td>50 MB para datos en cach\u00e9<\/td>\n<\/tr>\n<tr>\n<td>Conexi\u00f3n<\/td>\n<td>3G\/4G\/5G o Wi-Fi<\/td>\n<\/tr>\n<tr>\n<td>Navegadores<\/td>\n<td>Chrome, Safari, Firefox, Edge<\/td>\n<\/tr>\n<\/tbody>\n<\/table>\n<p>La tecnolog\u00eda PWA permite que la aplicaci\u00f3n Roll Ambia funcione eficientemente incluso en dispositivos m\u00e1s antiguos. No se requieren descargas pesadas. La aplicaci\u00f3n utiliza los recursos del dispositivo de manera econ\u00f3mica mientras mantiene gr\u00e1ficos de alta calidad y tiempos de respuesta r\u00e1pidos.<\/p>\n<h2>Seguridad de la Aplicaci\u00f3n y Protecci\u00f3n de Datos<\/h2>\n<p>Rollambia Casino utiliza protocolos de cifrado est\u00e1ndar de la industria para proteger todos los datos de los usuarios. La aplicaci\u00f3n implementa tecnolog\u00eda AES\/SSL para conexiones seguras entre tu dispositivo y nuestros servidores. Todas las transacciones financieras se procesan a trav\u00e9s de pasarelas de pago verificadas.<\/p>\n<p>El proceso de verificaci\u00f3n confirma tu identidad y protege tu cuenta de accesos no autorizados. Almacenamos informaci\u00f3n personal de acuerdo con estrictas regulaciones de protecci\u00f3n de datos. La aplicaci\u00f3n Rollambia recibe autom\u00e1ticamente actualizaciones de seguridad regulares a trav\u00e9s del framework PWA.<\/p>\n<p>La autenticaci\u00f3n de dos factores a\u00f1ade una capa extra de protecci\u00f3n a tu cuenta. La gesti\u00f3n de sesiones te desconecta autom\u00e1ticamente despu\u00e9s de per\u00edodos de inactividad. Nuestro equipo de seguridad monitorea la plataforma las 24 horas del d\u00eda para detectar y prevenir actividades sospechosas.<\/p>\n<h2>FAQ<\/h2>\n<h3>\u00bfC\u00f3mo actualizo la aplicaci\u00f3n Roll Ambia a la \u00faltima versi\u00f3n?<\/h3>\n<p>La aplicaci\u00f3n Rollambia es una progressive web application. Se actualiza autom\u00e1ticamente sin ninguna acci\u00f3n requerida de tu parte. Cada vez que abres la aplicaci\u00f3n con una conexi\u00f3n a Internet, verifica actualizaciones y las aplica instant\u00e1neamente.<\/p>\n<h3>\u00bfQu\u00e9 debo hacer si la aplicaci\u00f3n se bloquea o no carga correctamente?<\/h3>\n<p>Primero verifica tu conexi\u00f3n a Internet. Reinicia tu dispositivo si el problema persiste. Limpiar la cach\u00e9 del navegador puede resolver problemas comunes. Si los problemas contin\u00faan, contacta a nuestro Equipo de Soporte a trav\u00e9s del chat en vivo para asistencia t\u00e9cnica. El equipo est\u00e1 disponible 24\/7 para ayudar con cualquier problema relacionado con tu experiencia de juego.<\/p>\n<h3>\u00bfEs la aplicaci\u00f3n compatible con tablets?<\/h3>\n<p>La aplicaci\u00f3n Roll Ambia est\u00e1 optimizada tanto para smartphones como para tablets. La interfaz se escala con el tama\u00f1o de la pantalla, proporcionando una experiencia c\u00f3moda en pantallas m\u00e1s grandes. Todas las funciones funcionan de manera id\u00e9ntica en diferentes tipos de dispositivos.<\/p>\n<\/div><\/div><\/p>\n","protected":false},"excerpt":{"rendered":"<p>Aplicaci\u00f3n Rollambia La aplicaci\u00f3n Rollambia te permite jugar a tus juegos favoritos en smartphones y tablets. Es una opci\u00f3n conveniente para jugadores que quieren permanecer en l\u00ednea independientemente de la ubicaci\u00f3n o el dispositivo. Ofrecemos una aplicaci\u00f3n dedicada y una versi\u00f3n de navegador para todos los dispositivos Android e iOS. Si inicias sesi\u00f3n en tu [&hellip;]<\/p>\n","protected":false},"author":1,"featured_media":0,"parent":0,"menu_order":0,"comment_status":"closed","ping_status":"closed","template":"template-builder.php","meta":{"_acf_changed":false,"inline_featured_image":false,"footnotes":""},"class_list":["post-1449","page","type-page","status-publish","hentry"],"acf":[],"yoast_head":"<!-- This site is optimized with the Yoast SEO plugin v27.3 - https:\/\/yoast.com\/product\/yoast-seo-wordpress\/ -->\n<title>Rollambia Casino App \u2013 Descargar iOS &amp; Android<\/title>\n<meta name=\"description\" content=\"Rollambia App \u2013 descarga la aplicaci\u00f3n m\u00f3vil para iOS y Android para jugar tragamonedas, juegos de mesa y casino en vivo en cualquier lugar. Disfruta de un rendimiento fluido y acceso completo a tu cuenta con Roll Ambia.\" \/>\n<meta name=\"robots\" content=\"index, follow, max-snippet:-1, max-image-preview:large, max-video-preview:-1\" \/>\n<link rel=\"canonical\" href=\"https:\/\/rollambiacasino.com\/es\/aplicacion\/\" \/>\n<meta property=\"og:locale\" content=\"es_ES\" \/>\n<meta property=\"og:type\" content=\"article\" \/>\n<meta property=\"og:title\" content=\"Rollambia Casino App \u2013 Descargar iOS &amp; Android\" \/>\n<meta property=\"og:description\" content=\"Rollambia App \u2013 descarga la aplicaci\u00f3n m\u00f3vil para iOS y Android para jugar tragamonedas, juegos de mesa y casino en vivo en cualquier lugar. Disfruta de un rendimiento fluido y acceso completo a tu cuenta con Roll Ambia.\" \/>\n<meta property=\"og:url\" content=\"https:\/\/rollambiacasino.com\/es\/aplicacion\/\" \/>\n<meta property=\"og:site_name\" content=\"rollambia\" \/>\n<meta property=\"article:modified_time\" content=\"2026-02-24T13:32:22+00:00\" \/>\n<meta name=\"twitter:card\" content=\"summary_large_image\" \/>\n<meta name=\"twitter:label1\" content=\"Est. reading time\" \/>\n\t<meta name=\"twitter:data1\" content=\"2 minutes\" \/>\n<script type=\"application\/ld+json\" class=\"yoast-schema-graph\">{\"@context\":\"https:\\\/\\\/schema.org\",\"@graph\":[{\"@type\":\"WebPage\",\"@id\":\"https:\\\/\\\/rollambiacasino.com\\\/es\\\/aplicacion\\\/\",\"url\":\"https:\\\/\\\/rollambiacasino.com\\\/es\\\/aplicacion\\\/\",\"name\":\"Rollambia Casino App \u2013 Descargar iOS & Android\",\"isPartOf\":{\"@id\":\"https:\\\/\\\/rollambiacasino.com\\\/es\\\/#website\"},\"datePublished\":\"2026-01-20T12:08:23+00:00\",\"dateModified\":\"2026-02-24T13:32:22+00:00\",\"description\":\"Rollambia App \u2013 descarga la aplicaci\u00f3n m\u00f3vil para iOS y Android para jugar tragamonedas, juegos de mesa y casino en vivo en cualquier lugar. Disfruta de un rendimiento fluido y acceso completo a tu cuenta con Roll Ambia.\",\"breadcrumb\":{\"@id\":\"https:\\\/\\\/rollambiacasino.com\\\/es\\\/aplicacion\\\/#breadcrumb\"},\"inLanguage\":\"es-ES\",\"potentialAction\":[{\"@type\":\"ReadAction\",\"target\":[\"https:\\\/\\\/rollambiacasino.com\\\/es\\\/aplicacion\\\/\"]}]},{\"@type\":\"BreadcrumbList\",\"@id\":\"https:\\\/\\\/rollambiacasino.com\\\/es\\\/aplicacion\\\/#breadcrumb\",\"itemListElement\":[{\"@type\":\"ListItem\",\"position\":1,\"name\":\"Rollambia\",\"item\":\"https:\\\/\\\/rollambiacasino.com\\\/es\\\/\"},{\"@type\":\"ListItem\",\"position\":2,\"name\":\"Aplicaci\u00f3n\"}]},{\"@type\":\"WebSite\",\"@id\":\"https:\\\/\\\/rollambiacasino.com\\\/es\\\/#website\",\"url\":\"https:\\\/\\\/rollambiacasino.com\\\/es\\\/\",\"name\":\"Rollambia\",\"description\":\"\",\"publisher\":{\"@id\":\"https:\\\/\\\/rollambiacasino.com\\\/es\\\/#organization\"},\"potentialAction\":[{\"@type\":\"SearchAction\",\"target\":{\"@type\":\"EntryPoint\",\"urlTemplate\":\"https:\\\/\\\/rollambiacasino.com\\\/es\\\/?s={search_term_string}\"},\"query-input\":{\"@type\":\"PropertyValueSpecification\",\"valueRequired\":true,\"valueName\":\"search_term_string\"}}],\"inLanguage\":\"es-ES\"},{\"@type\":\"Organization\",\"@id\":\"https:\\\/\\\/rollambiacasino.com\\\/es\\\/#organization\",\"name\":\"Rollambia\",\"url\":\"https:\\\/\\\/rollambiacasino.com\\\/es\\\/\",\"logo\":{\"@type\":\"ImageObject\",\"inLanguage\":\"es-ES\",\"@id\":\"https:\\\/\\\/rollambiacasino.com\\\/es\\\/#\\\/schema\\\/logo\\\/image\\\/\",\"url\":\"https:\\\/\\\/rollambiacasino.com\\\/wp-content\\\/uploads\\\/2026\\\/02\\\/Rollambia-logo.png\",\"contentUrl\":\"https:\\\/\\\/rollambiacasino.com\\\/wp-content\\\/uploads\\\/2026\\\/02\\\/Rollambia-logo.png\",\"width\":160,\"height\":40,\"caption\":\"Rollambia\"},\"image\":{\"@id\":\"https:\\\/\\\/rollambiacasino.com\\\/es\\\/#\\\/schema\\\/logo\\\/image\\\/\"}}]}<\/script>\n<!-- \/ Yoast SEO plugin. -->","yoast_head_json":{"title":"Rollambia Casino App \u2013 Descargar iOS & Android","description":"Rollambia App \u2013 descarga la aplicaci\u00f3n m\u00f3vil para iOS y Android para jugar tragamonedas, juegos de mesa y casino en vivo en cualquier lugar. Disfruta de un rendimiento fluido y acceso completo a tu cuenta con Roll Ambia.","robots":{"index":"index","follow":"follow","max-snippet":"max-snippet:-1","max-image-preview":"max-image-preview:large","max-video-preview":"max-video-preview:-1"},"canonical":"https:\/\/rollambiacasino.com\/es\/aplicacion\/","og_locale":"es_ES","og_type":"article","og_title":"Rollambia Casino App \u2013 Descargar iOS & Android","og_description":"Rollambia App \u2013 descarga la aplicaci\u00f3n m\u00f3vil para iOS y Android para jugar tragamonedas, juegos de mesa y casino en vivo en cualquier lugar. Disfruta de un rendimiento fluido y acceso completo a tu cuenta con Roll Ambia.","og_url":"https:\/\/rollambiacasino.com\/es\/aplicacion\/","og_site_name":"rollambia","article_modified_time":"2026-02-24T13:32:22+00:00","twitter_card":"summary_large_image","twitter_misc":{"Est. reading time":"2 minutes"},"schema":{"@context":"https:\/\/schema.org","@graph":[{"@type":"WebPage","@id":"https:\/\/rollambiacasino.com\/es\/aplicacion\/","url":"https:\/\/rollambiacasino.com\/es\/aplicacion\/","name":"Rollambia Casino App \u2013 Descargar iOS & Android","isPartOf":{"@id":"https:\/\/rollambiacasino.com\/es\/#website"},"datePublished":"2026-01-20T12:08:23+00:00","dateModified":"2026-02-24T13:32:22+00:00","description":"Rollambia App \u2013 descarga la aplicaci\u00f3n m\u00f3vil para iOS y Android para jugar tragamonedas, juegos de mesa y casino en vivo en cualquier lugar. Disfruta de un rendimiento fluido y acceso completo a tu cuenta con Roll Ambia.","breadcrumb":{"@id":"https:\/\/rollambiacasino.com\/es\/aplicacion\/#breadcrumb"},"inLanguage":"es-ES","potentialAction":[{"@type":"ReadAction","target":["https:\/\/rollambiacasino.com\/es\/aplicacion\/"]}]},{"@type":"BreadcrumbList","@id":"https:\/\/rollambiacasino.com\/es\/aplicacion\/#breadcrumb","itemListElement":[{"@type":"ListItem","position":1,"name":"Rollambia","item":"https:\/\/rollambiacasino.com\/es\/"},{"@type":"ListItem","position":2,"name":"Aplicaci\u00f3n"}]},{"@type":"WebSite","@id":"https:\/\/rollambiacasino.com\/es\/#website","url":"https:\/\/rollambiacasino.com\/es\/","name":"Rollambia","description":"","publisher":{"@id":"https:\/\/rollambiacasino.com\/es\/#organization"},"potentialAction":[{"@type":"SearchAction","target":{"@type":"EntryPoint","urlTemplate":"https:\/\/rollambiacasino.com\/es\/?s={search_term_string}"},"query-input":{"@type":"PropertyValueSpecification","valueRequired":true,"valueName":"search_term_string"}}],"inLanguage":"es-ES"},{"@type":"Organization","@id":"https:\/\/rollambiacasino.com\/es\/#organization","name":"Rollambia","url":"https:\/\/rollambiacasino.com\/es\/","logo":{"@type":"ImageObject","inLanguage":"es-ES","@id":"https:\/\/rollambiacasino.com\/es\/#\/schema\/logo\/image\/","url":"https:\/\/rollambiacasino.com\/wp-content\/uploads\/2026\/02\/Rollambia-logo.png","contentUrl":"https:\/\/rollambiacasino.com\/wp-content\/uploads\/2026\/02\/Rollambia-logo.png","width":160,"height":40,"caption":"Rollambia"},"image":{"@id":"https:\/\/rollambiacasino.com\/es\/#\/schema\/logo\/image\/"}}]}},"_links":{"self":[{"href":"https:\/\/rollambiacasino.com\/es\/wp-json\/wp\/v2\/pages\/1449","targetHints":{"allow":["GET"]}}],"collection":[{"href":"https:\/\/rollambiacasino.com\/es\/wp-json\/wp\/v2\/pages"}],"about":[{"href":"https:\/\/rollambiacasino.com\/es\/wp-json\/wp\/v2\/types\/page"}],"author":[{"embeddable":true,"href":"https:\/\/rollambiacasino.com\/es\/wp-json\/wp\/v2\/users\/1"}],"replies":[{"embeddable":true,"href":"https:\/\/rollambiacasino.com\/es\/wp-json\/wp\/v2\/comments?post=1449"}],"version-history":[{"count":3,"href":"https:\/\/rollambiacasino.com\/es\/wp-json\/wp\/v2\/pages\/1449\/revisions"}],"predecessor-version":[{"id":1813,"href":"https:\/\/rollambiacasino.com\/es\/wp-json\/wp\/v2\/pages\/1449\/revisions\/1813"}],"wp:attachment":[{"href":"https:\/\/rollambiacasino.com\/es\/wp-json\/wp\/v2\/media?parent=1449"}],"curies":[{"name":"wp","href":"https:\/\/api.w.org\/{rel}","templated":true}]}}