{"id":1442,"date":"2026-01-20T12:08:23","date_gmt":"2026-01-20T12:08:23","guid":{"rendered":"https:\/\/bonuskongcasino.com\/app-2\/"},"modified":"2026-02-24T11:56:54","modified_gmt":"2026-02-24T11:56:54","slug":"app","status":"publish","type":"page","link":"https:\/\/rollambiacasino.com\/de\/app\/","title":{"rendered":"App"},"content":{"rendered":"<h1>Rollambia Anwendung<\/h1>\n<p>Die Rollambia-App erm\u00f6glicht es Ihnen, Ihre Lieblingsspiele auf Smartphones und Tablets zu spielen. Es ist eine praktische Option f\u00fcr Spieler, die unabh\u00e4ngig von Standort oder Ger\u00e4t online bleiben m\u00f6chten. Wir bieten eine dedizierte App und eine Browser-Version f\u00fcr alle Android- und iOS-Ger\u00e4te an. Wenn Sie sich auf mehreren Ger\u00e4ten in Ihr Konto einloggen, werden Ihre Erfolge und Fortschritte \u00fcber alle Ger\u00e4te synchronisiert.<\/p>\n<div class=\"banner-wrap\" aria-label=\"Banner\"><img src=\"https:\/\/rollambiacasino.com\/wp-content\/uploads\/2026\/02\/Rollambia-banner-desktop.webp\" class=\"w-100 d-none d-lg-block img-pc main-banner-img\" alt=\"Rollambia banner desktop\" fetchpriority=\"high\" decoding=\"async\"><img src=\"https:\/\/rollambiacasino.com\/wp-content\/uploads\/2026\/02\/Rollambia-banner-mobile.webp\" class=\"w-100 d-none d-md-block d-lg-none main-banner-img\" alt=\"Rollambia banner mobile\" fetchpriority=\"high\" decoding=\"async\"><img src=\"https:\/\/rollambiacasino.com\/wp-content\/uploads\/2026\/02\/Rollambia-banner-mobile.webp\" class=\"w-100 d-md-none\" alt=\"Rollambia banner mobile\" fetchpriority=\"high\" decoding=\"async\"><div class=\"banner-description\">\n<div class=\"banner-title\">Willkommensboni<\/div>\n<p class=\"banner-header-title\">1500 \u20ac<\/p>\n<div class=\"banner-header-AdditionalText\">+ 250 Freispiele<\/div>\n<button data-item=\"homepage_banner_link\" class=\"goto m-button m-gradient-border m-button--primary m-button--large banner-button btn-orange\">\n            <div class=\"m-button-content\">\n                <span>Jetzt anmelden<\/span>\n                <span><\/span>\n            <\/div>\n        <\/button>\n<\/div>\n<div class=\"WelcomePack\">\n<p><img loading=\"lazy\" decoding=\"async\" class=\"alignnone size-full wp-image-1847\" src=\"https:\/\/rollambiacasino.com\/wp-content\/uploads\/2026\/02\/welcome-crown.png\" alt=\"welcome crown\" width=\"25\" height=\"26\" \/><\/p>\n<div class=\"WelcomePack-Info\">W\u00f6chentlicher Cashback von bis zu 25 %<\/div>\n<p><img loading=\"lazy\" decoding=\"async\" class=\"alignnone size-full wp-image-1847\" src=\"https:\/\/rollambiacasino.com\/wp-content\/uploads\/2026\/02\/welcome-crown.png\" alt=\"welcome crown\" width=\"25\" height=\"26\" \/><\/p>\n<\/div>\n<\/div>\n<h2>Rollambia App Funktionen<\/h2>\n<p>Die Roll Ambia-App basiert auf PWA-Technologie (Progressive Web Application). Dieses Framework bietet schnellere Ladezeiten und fl\u00fcssigeres Gameplay im Vergleich zu Standard-Browser-Sitzungen. Die Benutzeroberfl\u00e4che passt sich automatisch an verschiedene Bildschirmgr\u00f6\u00dfen an.<\/p>\n<p>Etwa 80% unserer Spieler bevorzugen mobiles Gaming gegen\u00fcber Desktop. Das mobile Casino bietet die komplette Spielesammlung: Online-Slots, Tischspiele, Live-Casino-Titel und Crash-Spiele. Alle Prozesse funktionieren identisch zur Desktop-Plattform, einschlie\u00dflich Registrierung, Login, Zahlungen und Verifizierungsprozess. Wenn Sie auf Probleme sto\u00dfen, kontaktieren Sie uns \u00fcber den in die Anwendung integrierten Live-Chat.<\/p>\n<table>\n<tbody>\n<tr>\n<td>Funktion<\/td>\n<td>Mobile App<\/td>\n<td>Browser-Version<\/td>\n<\/tr>\n<tr>\n<td>Installation<\/td>\n<td>Einmalige Einrichtung von der Website<\/td>\n<td>Keine Installation erforderlich<\/td>\n<\/tr>\n<tr>\n<td>Speichernutzung<\/td>\n<td>Minimal (nur zwischengespeicherte Daten)<\/td>\n<td>Keine<\/td>\n<\/tr>\n<tr>\n<td>Push-Benachrichtigungen<\/td>\n<td>Ja<\/td>\n<td>Nein<\/td>\n<\/tr>\n<tr>\n<td>Offline-Zugang<\/td>\n<td>Teilweise (zwischengespeicherte Seiten)<\/td>\n<td>Nein<\/td>\n<\/tr>\n<tr>\n<td>Ladegeschwindigkeit<\/td>\n<td>Schneller (optimierte PWA)<\/td>\n<td>Abh\u00e4ngig von der Verbindung<\/td>\n<\/tr>\n<tr>\n<td>Startbildschirm-Symbol<\/td>\n<td>Ja<\/td>\n<td>Nur manuelle Verkn\u00fcpfung<\/td>\n<\/tr>\n<tr>\n<td>Auto-Updates<\/td>\n<td>Automatisch<\/td>\n<td>Immer aktuell<\/td>\n<\/tr>\n<\/tbody>\n<\/table>\n<p>Das Spielen am PC bietet Ihnen einen gr\u00f6\u00dferen Bildschirm und verbesserte Grafiken. Die Desktop-Version eignet sich besser f\u00fcr l\u00e4ngere Spielsitzungen und bietet eine intensivere Grafik. Die Rollambia-App gewinnt in puncto Portabilit\u00e4t und schnellem Zugriff durch Push-Benachrichtigungen.<\/p>\n<p><div class=\"scrollable-content-wrap my-5\"><div class=\"scrollable-content-inner\"><h2>Roll Ambia App auf Android-Ger\u00e4ten<\/h2>\n<p>Android-Nutzer k\u00f6nnen auf unsere Plattform auf jedem bevorzugten Ger\u00e4t zugreifen. Die Rollambia-App erfordert kein Herunterladen gro\u00dfer APK-Dateien. Unsere L\u00f6sung ist eine Progressive Web Application, die nur minimalen Ger\u00e4tespeicher f\u00fcr zwischengespeicherte Daten verwendet.<\/p>\n<p>Um die Roll Ambia-App auf Android zu installieren, befolgen Sie diese Schritte:<\/p>\n<ol>\n<li>Besuchen Sie Rollambia Casino in Ihrem bevorzugten mobilen Browser<\/li>\n<li>Klicken Sie auf \u201eCasino App&#8220; in der Fu\u00dfzeile der Hauptseite<\/li>\n<li>Klicken Sie auf \u201eInstallieren&#8220;, wenn die Schaltfl\u00e4che auf dem Bildschirm erscheint<\/li>\n<li>Schlie\u00dfen Sie die Installation ab, um das Symbol zu Ihrem Startbildschirm hinzuzuf\u00fcgen<\/li>\n<\/ol>\n<p>Der gesamte Vorgang dauert nur wenige Minuten. Nach der Installation erhalten Sie direkten Zugriff auf die gesamte Spielebibliothek. Die Benutzeroberfl\u00e4che verf\u00fcgt \u00fcber gro\u00dfe Schaltfl\u00e4chen und eine ber\u00fchrungsfreundliche Navigation, die sowohl auf Smartphones als auch auf Tablets reibungslos funktioniert.<\/p>\n<p><img loading=\"lazy\" decoding=\"async\" class=\"alignnone size-full wp-image-1999\" src=\"https:\/\/rollambiacasino.com\/wp-content\/uploads\/2026\/02\/Rollambia-Android.webp\" alt=\"Rollambia Android\" width=\"1248\" height=\"536\" srcset=\"https:\/\/rollambiacasino.com\/wp-content\/uploads\/2026\/02\/Rollambia-Android.webp 1248w, https:\/\/rollambiacasino.com\/wp-content\/uploads\/2026\/02\/Rollambia-Android-300x129.webp 300w, https:\/\/rollambiacasino.com\/wp-content\/uploads\/2026\/02\/Rollambia-Android-1024x440.webp 1024w, https:\/\/rollambiacasino.com\/wp-content\/uploads\/2026\/02\/Rollambia-Android-768x330.webp 768w\" sizes=\"auto, (max-width: 1248px) 100vw, 1248px\" \/><\/p>\n<\/div><\/div><div style=\"clear: both\"><\/div><div class=\"d-flex justify-content-center\"><button data-item=\"decouvrez_link\" data-group=\"website_links\" class=\"goto fw-bold rounded-pill btn btn-orange\" aria-label=\"Laden Sie die Rollambia-App herunter\" >Laden Sie die Rollambia-App herunter<\/button><\/div><div class=\"scrollable-content-wrap my-5\"><div class=\"scrollable-content-inner\"><h2>Rollambia App \u2013 iOS<\/h2>\n<p>iOS-Nutzer haben mehrere M\u00f6glichkeiten, bei Rollambia Casino zu spielen. Die App kann direkt von unserer Website installiert werden. Da der App Store Beschr\u00e4nkungen f\u00fcr Gl\u00fccksspiel-Anwendungen hat, werden Sie sie dort nicht finden.<\/p>\n<p>Der Installationsprozess \u00fcber Safari ist unkompliziert. Gehen Sie auf unsere offizielle Website, scrollen Sie zur Fu\u00dfzeile und tippen Sie auf den Link \u201eCasino App&#8220;. W\u00e4hlen Sie \u201eInstallieren&#8220;, um die Progressive Web Application zu Ihrem Startbildschirm hinzuzuf\u00fcgen. Starten Sie das App-Symbol und melden Sie sich an, um mit dem Spielen zu beginnen.<\/p>\n<p>Die iOS-Version ist touch-optimiert, mit Wischgesten und reaktionsschnellen Steuerungen. Push-Benachrichtigungen halten Sie \u00fcber neue Boni, Spielver\u00f6ffentlichungen und exklusive Aktionen auf dem Laufenden. Die Roll Ambia-App passt sich perfekt an iPhone- und iPad-Bildschirme an.<\/p>\n<p><img loading=\"lazy\" decoding=\"async\" class=\"alignnone size-full wp-image-2015\" src=\"https:\/\/rollambiacasino.com\/wp-content\/uploads\/2026\/02\/Rollambia-iOS.webp\" alt=\"Rollambia iOS\" width=\"1248\" height=\"536\" srcset=\"https:\/\/rollambiacasino.com\/wp-content\/uploads\/2026\/02\/Rollambia-iOS.webp 1248w, https:\/\/rollambiacasino.com\/wp-content\/uploads\/2026\/02\/Rollambia-iOS-300x129.webp 300w, https:\/\/rollambiacasino.com\/wp-content\/uploads\/2026\/02\/Rollambia-iOS-1024x440.webp 1024w, https:\/\/rollambiacasino.com\/wp-content\/uploads\/2026\/02\/Rollambia-iOS-768x330.webp 768w\" sizes=\"auto, (max-width: 1248px) 100vw, 1248px\" \/><\/p>\n<\/div><\/div><div style=\"clear: both\"><\/div><div class=\"d-flex justify-content-center\"><button data-item=\"decouvrez_link\" data-group=\"website_links\" class=\"goto fw-bold rounded-pill btn btn-orange\" aria-label=\"Rollambia herunterladen\" >Rollambia herunterladen<\/button><\/div><div class=\"scrollable-content-wrap my-5\"><div class=\"scrollable-content-inner\"><h2>Roll Ambia Casino \u2013 Desktop-Version<\/h2>\n<p>Das Spielen auf einem PC oder Laptop mit gro\u00dfem Bildschirm bietet ein intensiveres Spielerlebnis. Alle Ihre Rollambia Casino-Daten und Einstellungen werden zwischen mobilen und Desktop-Plattformen synchronisiert.<\/p>\n<p>Die Desktop-Version bietet zwei Hauptoptionen. Die Browser-Version erm\u00f6glicht Ihnen den Zugriff auf unsere Website \u00fcber Safari, Google Chrome, Mozilla Firefox oder Microsoft Edge ohne Downloads. Das Verkn\u00fcpfungssymbol bietet Ihnen schnelleren Zugriff, ohne den Browser zu \u00f6ffnen und manuell nach der Website zu suchen.<\/p>\n<p>Mit einer stabilen Internetverbindung genie\u00dfen Sie fl\u00fcssiges Gameplay und schnelles Laden aller Funktionen. Die Desktop-Plattform bietet gr\u00f6\u00dfere Grafiken und verbesserte Soundeffekte. Das Support-Team ist \u00fcber dasselbe Live-Chat-System wie im mobilen Casino erreichbar.<\/p>\n<p><img loading=\"lazy\" decoding=\"async\" class=\"alignnone size-full wp-image-2007\" src=\"https:\/\/rollambiacasino.com\/wp-content\/uploads\/2026\/02\/Rollambia-Desktop.png\" alt=\"Rollambia Desktop\" width=\"1248\" height=\"536\" srcset=\"https:\/\/rollambiacasino.com\/wp-content\/uploads\/2026\/02\/Rollambia-Desktop.png 1248w, https:\/\/rollambiacasino.com\/wp-content\/uploads\/2026\/02\/Rollambia-Desktop-300x129.png 300w, https:\/\/rollambiacasino.com\/wp-content\/uploads\/2026\/02\/Rollambia-Desktop-1024x440.png 1024w, https:\/\/rollambiacasino.com\/wp-content\/uploads\/2026\/02\/Rollambia-Desktop-768x330.png 768w\" sizes=\"auto, (max-width: 1248px) 100vw, 1248px\" \/><\/p>\n<\/div><\/div><div style=\"clear: both\"><\/div><div class=\"d-flex justify-content-center\"><button data-item=\"decouvrez_link\" data-group=\"website_links\" class=\"goto fw-bold rounded-pill btn btn-orange\" aria-label=\"Laden Sie die Rollambia-App herunter\" >Laden Sie die Rollambia-App herunter<\/button><\/div><div class=\"scrollable-content-wrap my-5\"><div class=\"scrollable-content-inner\"><h2>Systemanforderungen<\/h2>\n<p>Die Rollambia-App l\u00e4uft auf den meisten modernen Ger\u00e4ten. Mindestspezifikationen gew\u00e4hrleisten stabile Leistung und fl\u00fcssiges Gameplay auf allen Plattformen.<\/p>\n<table>\n<tbody>\n<tr>\n<td>Plattform<\/td>\n<td>Anforderung<\/td>\n<\/tr>\n<tr>\n<td>Android<\/td>\n<td>Version 8.0 oder h\u00f6her<\/td>\n<\/tr>\n<tr>\n<td>iOS<\/td>\n<td>Version 14.0 oder h\u00f6her<\/td>\n<\/tr>\n<tr>\n<td>RAM<\/td>\n<td>Mindestens 2 GB<\/td>\n<\/tr>\n<tr>\n<td>Speicher<\/td>\n<td>50 MB f\u00fcr zwischengespeicherte Daten<\/td>\n<\/tr>\n<tr>\n<td>Verbindung<\/td>\n<td>3G\/4G\/5G oder WLAN<\/td>\n<\/tr>\n<tr>\n<td>Browser<\/td>\n<td>Chrome, Safari, Firefox, Edge<\/td>\n<\/tr>\n<\/tbody>\n<\/table>\n<p>Die PWA-Technologie erm\u00f6glicht es der Roll Ambia-App, auch auf \u00e4lteren Ger\u00e4ten effizient zu arbeiten. Keine umfangreichen Downloads sind erforderlich. Die Anwendung nutzt Ger\u00e4teressourcen sparsam und beh\u00e4lt gleichzeitig hochwertige Grafiken und schnelle Reaktionszeiten bei.<\/p>\n<h2>App-Sicherheit und Datenschutz<\/h2>\n<p>Rollambia Casino verwendet branchen\u00fcbliche Verschl\u00fcsselungsprotokolle zum Schutz aller Benutzerdaten. Die App implementiert AES\/SSL-Technologie f\u00fcr sichere Verbindungen zwischen Ihrem Ger\u00e4t und unseren Servern. Alle Finanztransaktionen werden \u00fcber verifizierte Zahlungs-Gateways abgewickelt.<\/p>\n<p>Der Verifizierungsprozess best\u00e4tigt Ihre Identit\u00e4t und sch\u00fctzt Ihr Konto vor unbefugtem Zugriff. Wir speichern pers\u00f6nliche Informationen gem\u00e4\u00df strengen Datenschutzbestimmungen. Die Rollambia-App erh\u00e4lt automatisch regelm\u00e4\u00dfige Sicherheitsupdates \u00fcber das PWA-Framework.<\/p>\n<p>Die Zwei-Faktor-Authentifizierung f\u00fcgt Ihrem Konto eine zus\u00e4tzliche Schutzebene hinzu. Das Sitzungsmanagement meldet Sie nach Zeiten der Inaktivit\u00e4t automatisch ab. Unser Sicherheitsteam \u00fcberwacht die Plattform rund um die Uhr, um verd\u00e4chtige Aktivit\u00e4ten zu erkennen und zu verhindern.<\/p>\n<h2>FAQ<\/h2>\n<h3>Wie aktualisiere ich die Roll Ambia-App auf die neueste Version?<\/h3>\n<p>Die Rollambia-App ist eine Progressive Web Application. Sie aktualisiert sich automatisch ohne jegliche Aktion Ihrerseits. Jedes Mal, wenn Sie die App mit einer Internetverbindung \u00f6ffnen, pr\u00fcft sie auf Updates und wendet diese sofort an.<\/p>\n<h3>Was soll ich tun, wenn die App abst\u00fcrzt oder nicht richtig l\u00e4dt?<\/h3>\n<p>\u00dcberpr\u00fcfen Sie zuerst Ihre Internetverbindung. Starten Sie Ihr Ger\u00e4t neu, wenn das Problem weiterhin besteht. Das L\u00f6schen des Browser-Caches kann h\u00e4ufige St\u00f6rungen beheben. Wenn die Probleme anhalten, kontaktieren Sie unser Support-Team \u00fcber den Live-Chat f\u00fcr technische Unterst\u00fctzung. Das Team ist rund um die Uhr verf\u00fcgbar, um bei allen Problemen im Zusammenhang mit Ihrem Spielerlebnis zu helfen.<\/p>\n<h3>Ist die App mit Tablets kompatibel?<\/h3>\n<p>Die Roll Ambia-App ist sowohl f\u00fcr Smartphones als auch f\u00fcr Tablets optimiert. Die Benutzeroberfl\u00e4che skaliert mit der Bildschirmgr\u00f6\u00dfe und bietet ein komfortables Erlebnis auf gr\u00f6\u00dferen Displays. Alle Funktionen funktionieren identisch auf verschiedenen Ger\u00e4tetypen.<\/p>\n<\/div><\/div><\/p>\n","protected":false},"excerpt":{"rendered":"<p>Rollambia Anwendung Die Rollambia-App erm\u00f6glicht es Ihnen, Ihre Lieblingsspiele auf Smartphones und Tablets zu spielen. Es ist eine praktische Option f\u00fcr Spieler, die unabh\u00e4ngig von Standort oder Ger\u00e4t online bleiben m\u00f6chten. Wir bieten eine dedizierte App und eine Browser-Version f\u00fcr alle Android- und iOS-Ger\u00e4te an. Wenn Sie sich auf mehreren Ger\u00e4ten in Ihr Konto einloggen, [&hellip;]<\/p>\n","protected":false},"author":1,"featured_media":0,"parent":0,"menu_order":0,"comment_status":"closed","ping_status":"closed","template":"template-builder.php","meta":{"_acf_changed":false,"inline_featured_image":false,"footnotes":""},"class_list":["post-1442","page","type-page","status-publish","hentry"],"acf":[],"yoast_head":"<!-- This site is optimized with the Yoast SEO plugin v27.3 - https:\/\/yoast.com\/product\/yoast-seo-wordpress\/ -->\n<title>Rollambia Casino App \u2013 Download iOS &amp; Android<\/title>\n<meta name=\"description\" content=\"Rollambia App \u2013 lade die mobile App f\u00fcr iOS und Android herunter, um Slots, Tischspiele und Live-Casino \u00fcberall zu spielen. Genie\u00dfe reibungslose Leistung und vollen Kontozugriff mit Roll Ambia.\" \/>\n<meta name=\"robots\" content=\"index, follow, max-snippet:-1, max-image-preview:large, max-video-preview:-1\" \/>\n<link rel=\"canonical\" href=\"https:\/\/rollambiacasino.com\/de\/app\/\" \/>\n<meta property=\"og:locale\" content=\"de_DE\" \/>\n<meta property=\"og:type\" content=\"article\" \/>\n<meta property=\"og:title\" content=\"Rollambia Casino App \u2013 Download iOS &amp; Android\" \/>\n<meta property=\"og:description\" content=\"Rollambia App \u2013 lade die mobile App f\u00fcr iOS und Android herunter, um Slots, Tischspiele und Live-Casino \u00fcberall zu spielen. Genie\u00dfe reibungslose Leistung und vollen Kontozugriff mit Roll Ambia.\" \/>\n<meta property=\"og:url\" content=\"https:\/\/rollambiacasino.com\/de\/app\/\" \/>\n<meta property=\"og:site_name\" content=\"rollambia\" \/>\n<meta property=\"article:modified_time\" content=\"2026-02-24T11:56:54+00:00\" \/>\n<meta name=\"twitter:card\" content=\"summary_large_image\" \/>\n<meta name=\"twitter:label1\" content=\"Gesch\u00e4tzte Lesezeit\" \/>\n\t<meta name=\"twitter:data1\" content=\"2\u00a0Minuten\" \/>\n<script type=\"application\/ld+json\" class=\"yoast-schema-graph\">{\"@context\":\"https:\\\/\\\/schema.org\",\"@graph\":[{\"@type\":\"WebPage\",\"@id\":\"https:\\\/\\\/rollambiacasino.com\\\/de\\\/app\\\/\",\"url\":\"https:\\\/\\\/rollambiacasino.com\\\/de\\\/app\\\/\",\"name\":\"Rollambia Casino App \u2013 Download iOS & Android\",\"isPartOf\":{\"@id\":\"https:\\\/\\\/rollambiacasino.com\\\/de\\\/#website\"},\"datePublished\":\"2026-01-20T12:08:23+00:00\",\"dateModified\":\"2026-02-24T11:56:54+00:00\",\"description\":\"Rollambia App \u2013 lade die mobile App f\u00fcr iOS und Android herunter, um Slots, Tischspiele und Live-Casino \u00fcberall zu spielen. Genie\u00dfe reibungslose Leistung und vollen Kontozugriff mit Roll Ambia.\",\"breadcrumb\":{\"@id\":\"https:\\\/\\\/rollambiacasino.com\\\/de\\\/app\\\/#breadcrumb\"},\"inLanguage\":\"de\",\"potentialAction\":[{\"@type\":\"ReadAction\",\"target\":[\"https:\\\/\\\/rollambiacasino.com\\\/de\\\/app\\\/\"]}]},{\"@type\":\"BreadcrumbList\",\"@id\":\"https:\\\/\\\/rollambiacasino.com\\\/de\\\/app\\\/#breadcrumb\",\"itemListElement\":[{\"@type\":\"ListItem\",\"position\":1,\"name\":\"Rollambia\",\"item\":\"https:\\\/\\\/rollambiacasino.com\\\/de\\\/\"},{\"@type\":\"ListItem\",\"position\":2,\"name\":\"App\"}]},{\"@type\":\"WebSite\",\"@id\":\"https:\\\/\\\/rollambiacasino.com\\\/de\\\/#website\",\"url\":\"https:\\\/\\\/rollambiacasino.com\\\/de\\\/\",\"name\":\"Rollambia\",\"description\":\"\",\"publisher\":{\"@id\":\"https:\\\/\\\/rollambiacasino.com\\\/de\\\/#organization\"},\"potentialAction\":[{\"@type\":\"SearchAction\",\"target\":{\"@type\":\"EntryPoint\",\"urlTemplate\":\"https:\\\/\\\/rollambiacasino.com\\\/de\\\/?s={search_term_string}\"},\"query-input\":{\"@type\":\"PropertyValueSpecification\",\"valueRequired\":true,\"valueName\":\"search_term_string\"}}],\"inLanguage\":\"de\"},{\"@type\":\"Organization\",\"@id\":\"https:\\\/\\\/rollambiacasino.com\\\/de\\\/#organization\",\"name\":\"Rollambia\",\"url\":\"https:\\\/\\\/rollambiacasino.com\\\/de\\\/\",\"logo\":{\"@type\":\"ImageObject\",\"inLanguage\":\"de\",\"@id\":\"https:\\\/\\\/rollambiacasino.com\\\/de\\\/#\\\/schema\\\/logo\\\/image\\\/\",\"url\":\"https:\\\/\\\/rollambiacasino.com\\\/wp-content\\\/uploads\\\/2026\\\/02\\\/Rollambia-logo.png\",\"contentUrl\":\"https:\\\/\\\/rollambiacasino.com\\\/wp-content\\\/uploads\\\/2026\\\/02\\\/Rollambia-logo.png\",\"width\":160,\"height\":40,\"caption\":\"Rollambia\"},\"image\":{\"@id\":\"https:\\\/\\\/rollambiacasino.com\\\/de\\\/#\\\/schema\\\/logo\\\/image\\\/\"}}]}<\/script>\n<!-- \/ Yoast SEO plugin. -->","yoast_head_json":{"title":"Rollambia Casino App \u2013 Download iOS & Android","description":"Rollambia App \u2013 lade die mobile App f\u00fcr iOS und Android herunter, um Slots, Tischspiele und Live-Casino \u00fcberall zu spielen. Genie\u00dfe reibungslose Leistung und vollen Kontozugriff mit Roll Ambia.","robots":{"index":"index","follow":"follow","max-snippet":"max-snippet:-1","max-image-preview":"max-image-preview:large","max-video-preview":"max-video-preview:-1"},"canonical":"https:\/\/rollambiacasino.com\/de\/app\/","og_locale":"de_DE","og_type":"article","og_title":"Rollambia Casino App \u2013 Download iOS & Android","og_description":"Rollambia App \u2013 lade die mobile App f\u00fcr iOS und Android herunter, um Slots, Tischspiele und Live-Casino \u00fcberall zu spielen. Genie\u00dfe reibungslose Leistung und vollen Kontozugriff mit Roll Ambia.","og_url":"https:\/\/rollambiacasino.com\/de\/app\/","og_site_name":"rollambia","article_modified_time":"2026-02-24T11:56:54+00:00","twitter_card":"summary_large_image","twitter_misc":{"Gesch\u00e4tzte Lesezeit":"2\u00a0Minuten"},"schema":{"@context":"https:\/\/schema.org","@graph":[{"@type":"WebPage","@id":"https:\/\/rollambiacasino.com\/de\/app\/","url":"https:\/\/rollambiacasino.com\/de\/app\/","name":"Rollambia Casino App \u2013 Download iOS & Android","isPartOf":{"@id":"https:\/\/rollambiacasino.com\/de\/#website"},"datePublished":"2026-01-20T12:08:23+00:00","dateModified":"2026-02-24T11:56:54+00:00","description":"Rollambia App \u2013 lade die mobile App f\u00fcr iOS und Android herunter, um Slots, Tischspiele und Live-Casino \u00fcberall zu spielen. Genie\u00dfe reibungslose Leistung und vollen Kontozugriff mit Roll Ambia.","breadcrumb":{"@id":"https:\/\/rollambiacasino.com\/de\/app\/#breadcrumb"},"inLanguage":"de","potentialAction":[{"@type":"ReadAction","target":["https:\/\/rollambiacasino.com\/de\/app\/"]}]},{"@type":"BreadcrumbList","@id":"https:\/\/rollambiacasino.com\/de\/app\/#breadcrumb","itemListElement":[{"@type":"ListItem","position":1,"name":"Rollambia","item":"https:\/\/rollambiacasino.com\/de\/"},{"@type":"ListItem","position":2,"name":"App"}]},{"@type":"WebSite","@id":"https:\/\/rollambiacasino.com\/de\/#website","url":"https:\/\/rollambiacasino.com\/de\/","name":"Rollambia","description":"","publisher":{"@id":"https:\/\/rollambiacasino.com\/de\/#organization"},"potentialAction":[{"@type":"SearchAction","target":{"@type":"EntryPoint","urlTemplate":"https:\/\/rollambiacasino.com\/de\/?s={search_term_string}"},"query-input":{"@type":"PropertyValueSpecification","valueRequired":true,"valueName":"search_term_string"}}],"inLanguage":"de"},{"@type":"Organization","@id":"https:\/\/rollambiacasino.com\/de\/#organization","name":"Rollambia","url":"https:\/\/rollambiacasino.com\/de\/","logo":{"@type":"ImageObject","inLanguage":"de","@id":"https:\/\/rollambiacasino.com\/de\/#\/schema\/logo\/image\/","url":"https:\/\/rollambiacasino.com\/wp-content\/uploads\/2026\/02\/Rollambia-logo.png","contentUrl":"https:\/\/rollambiacasino.com\/wp-content\/uploads\/2026\/02\/Rollambia-logo.png","width":160,"height":40,"caption":"Rollambia"},"image":{"@id":"https:\/\/rollambiacasino.com\/de\/#\/schema\/logo\/image\/"}}]}},"_links":{"self":[{"href":"https:\/\/rollambiacasino.com\/de\/wp-json\/wp\/v2\/pages\/1442","targetHints":{"allow":["GET"]}}],"collection":[{"href":"https:\/\/rollambiacasino.com\/de\/wp-json\/wp\/v2\/pages"}],"about":[{"href":"https:\/\/rollambiacasino.com\/de\/wp-json\/wp\/v2\/types\/page"}],"author":[{"embeddable":true,"href":"https:\/\/rollambiacasino.com\/de\/wp-json\/wp\/v2\/users\/1"}],"replies":[{"embeddable":true,"href":"https:\/\/rollambiacasino.com\/de\/wp-json\/wp\/v2\/comments?post=1442"}],"version-history":[{"count":3,"href":"https:\/\/rollambiacasino.com\/de\/wp-json\/wp\/v2\/pages\/1442\/revisions"}],"predecessor-version":[{"id":2074,"href":"https:\/\/rollambiacasino.com\/de\/wp-json\/wp\/v2\/pages\/1442\/revisions\/2074"}],"wp:attachment":[{"href":"https:\/\/rollambiacasino.com\/de\/wp-json\/wp\/v2\/media?parent=1442"}],"curies":[{"name":"wp","href":"https:\/\/api.w.org\/{rel}","templated":true}]}}